{"id":8,"date":"2025-02-25T08:50:19","date_gmt":"2025-02-25T07:50:19","guid":{"rendered":"https:\/\/altaml.upjs.sk\/?page_id=8"},"modified":"2025-02-28T11:21:22","modified_gmt":"2025-02-28T10:21:22","slug":"o-projekte","status":"publish","type":"page","link":"https:\/\/altaml.upjs.sk\/en\/o-projekte\/","title":{"rendered":"About"},"content":{"rendered":"<div class=\"wp-block-group alignfull has-custom-black-color has-custom-white-background-color has-text-color has-background has-link-color wp-elements-232ff2b3276688dfeb08cff6975b1ad3 has-global-padding is-layout-constrained wp-container-core-group-is-layout-fb23e6c9 wp-block-group-is-layout-constrained\" style=\"margin-top:0;margin-bottom:0;padding-top:var(--wp--preset--spacing--60);padding-right:var(--wp--preset--spacing--50);padding-bottom:var(--wp--preset--spacing--60);padding-left:var(--wp--preset--spacing--50)\">\n<h2 class=\"wp-block-heading alignwide\" style=\"border-style:none;border-width:0px;border-radius:0px;margin-top:0;margin-right:0;margin-bottom:0;margin-left:0\">About<\/h2>\n\n\n\n<p>Searching for legal information in legal regulations, court decisions, or other state bodies has become a common part of life not only for representatives of various legal professions, but also for the general public.<\/p>\n\n\n\n<p>Existing legal information systems, whether at national or European level, in most cases operate on the basis of full-text search, which may overlook relevant information or, conversely, offer too many irrelevant results. This limited functionality complicates the work not only of representatives of the legal professions, but also of ordinary citizens who search for legal information themselves, for example in an attempt to understand their rights or resolve legal issues without the direct assistance of a lawyer.<\/p>\n\n\n\n<p>In line with the European Declaration on Digital Rights and Principles for the Digital Decade, people should be at the centre of the digital transformation, meaning that technologies should serve all citizens, improving their lives while protecting security and fundamental rights. In this regard, the project results will support the process of strengthening the democratic framework by facilitating the accessibility of legal information not only for lawyers but also for the general public and by promoting the principle of legal certainty reinforced by the availability of relevant legal information.<\/p>\n\n\n\n<p>The main objective of the project is the efficient processing and analysis of legal texts in order to ensure legal certainty and improve access of both professionals and the general public to legal texts, the results of their analysis, and relevant legal information obtained from them.<\/p>\n<\/div>\n\n\n\n<div class=\"wp-block-group alignfull has-global-padding is-layout-constrained wp-container-core-group-is-layout-ebee8dc1 wp-block-group-is-layout-constrained\" style=\"margin-top:0;margin-bottom:0;padding-top:var(--wp--preset--spacing--50);padding-bottom:var(--wp--preset--spacing--50)\">\n<div class=\"wp-block-group alignwide is-layout-flow wp-block-group-is-layout-flow\">\n<h2 class=\"wp-block-heading alignwide\">Our goals<\/h2>\n\n\n\n<p class=\"has-text-align-left\" style=\"padding-top:var(--wp--preset--spacing--30);padding-bottom:var(--wp--preset--spacing--30)\">The main objective of the project is the efficient processing and analysis of legal texts in order to ensure legal certainty and improve access of both professionals and the general public to legal texts, the results of their analysis, and relevant legal information obtained from them.<\/p>\n<\/div>\n\n\n\n<div class=\"wp-block-columns alignwide is-layout-flex wp-container-core-columns-is-layout-28f84493 wp-block-columns-is-layout-flex\">\n<div class=\"wp-block-column is-layout-flow wp-block-column-is-layout-flow\">\n<figure class=\"wp-block-image size-full\" style=\"margin-bottom:24px\"><img loading=\"lazy\" decoding=\"async\" width=\"2560\" height=\"1707\" src=\"https:\/\/altaml.upjs.sk\/wp-content\/uploads\/sites\/29\/2025\/02\/texts-1-scaled.jpg\" alt=\"\" class=\"wp-image-208\" style=\"aspect-ratio:4\/3;object-fit:cover\" srcset=\"https:\/\/altaml.upjs.sk\/wp-content\/uploads\/sites\/29\/2025\/02\/texts-1-scaled.jpg 2560w, https:\/\/altaml.upjs.sk\/wp-content\/uploads\/sites\/29\/2025\/02\/texts-1-300x200.jpg 300w, https:\/\/altaml.upjs.sk\/wp-content\/uploads\/sites\/29\/2025\/02\/texts-1-1024x683.jpg 1024w, https:\/\/altaml.upjs.sk\/wp-content\/uploads\/sites\/29\/2025\/02\/texts-1-768x512.jpg 768w, https:\/\/altaml.upjs.sk\/wp-content\/uploads\/sites\/29\/2025\/02\/texts-1-1536x1024.jpg 1536w, https:\/\/altaml.upjs.sk\/wp-content\/uploads\/sites\/29\/2025\/02\/texts-1-2048x1365.jpg 2048w\" sizes=\"auto, (max-width: 2560px) 100vw, 2560px\" \/><\/figure>\n\n\n\n<h3 class=\"wp-block-heading\">Processing<\/h3>\n\n\n\n<p class=\"has-medium-font-size\">Identification of a suitable method for processing legal text in selected case studies<\/p>\n\n\n\n<p><a href=\"https:\/\/altaml.upjs.sk\/en\/o-projekte\/spracovanie\/\" data-type=\"page\" data-id=\"197\">More...<\/a><\/p>\n<\/div>\n\n\n\n<div class=\"wp-block-column is-layout-flow wp-block-column-is-layout-flow\">\n<figure class=\"wp-block-image size-full\" style=\"margin-bottom:24px\"><img loading=\"lazy\" decoding=\"async\" width=\"2560\" height=\"1709\" src=\"https:\/\/altaml.upjs.sk\/wp-content\/uploads\/sites\/29\/2025\/02\/team-scaled.jpg\" alt=\"\" class=\"wp-image-193\" style=\"aspect-ratio:4\/3;object-fit:cover\" srcset=\"https:\/\/altaml.upjs.sk\/wp-content\/uploads\/sites\/29\/2025\/02\/team-scaled.jpg 2560w, https:\/\/altaml.upjs.sk\/wp-content\/uploads\/sites\/29\/2025\/02\/team-300x200.jpg 300w, https:\/\/altaml.upjs.sk\/wp-content\/uploads\/sites\/29\/2025\/02\/team-1024x684.jpg 1024w, https:\/\/altaml.upjs.sk\/wp-content\/uploads\/sites\/29\/2025\/02\/team-768x513.jpg 768w, https:\/\/altaml.upjs.sk\/wp-content\/uploads\/sites\/29\/2025\/02\/team-1536x1025.jpg 1536w, https:\/\/altaml.upjs.sk\/wp-content\/uploads\/sites\/29\/2025\/02\/team-2048x1367.jpg 2048w\" sizes=\"auto, (max-width: 2560px) 100vw, 2560px\" \/><\/figure>\n\n\n\n<h3 class=\"wp-block-heading\">Attributes<\/h3>\n\n\n\n<p class=\"has-medium-font-size\">Extraction of explicit and implicit attributes from legal text<\/p>\n\n\n\n<p><a href=\"https:\/\/altaml.upjs.sk\/en\/o-projekte\/atributy\/\" data-type=\"page\" data-id=\"199\">More...<\/a><\/p>\n<\/div>\n\n\n\n<div class=\"wp-block-column is-layout-flow wp-block-column-is-layout-flow\">\n<figure class=\"wp-block-image size-full is-style-default\" style=\"margin-bottom:24px\"><img loading=\"lazy\" decoding=\"async\" width=\"2560\" height=\"1709\" src=\"https:\/\/altaml.upjs.sk\/wp-content\/uploads\/sites\/29\/2025\/02\/pexels-divinetechygirl-1181316-scaled.jpg\" alt=\"\" class=\"wp-image-195\" style=\"aspect-ratio:4\/3;object-fit:cover\" srcset=\"https:\/\/altaml.upjs.sk\/wp-content\/uploads\/sites\/29\/2025\/02\/pexels-divinetechygirl-1181316-scaled.jpg 2560w, https:\/\/altaml.upjs.sk\/wp-content\/uploads\/sites\/29\/2025\/02\/pexels-divinetechygirl-1181316-300x200.jpg 300w, https:\/\/altaml.upjs.sk\/wp-content\/uploads\/sites\/29\/2025\/02\/pexels-divinetechygirl-1181316-1024x684.jpg 1024w, https:\/\/altaml.upjs.sk\/wp-content\/uploads\/sites\/29\/2025\/02\/pexels-divinetechygirl-1181316-768x513.jpg 768w, https:\/\/altaml.upjs.sk\/wp-content\/uploads\/sites\/29\/2025\/02\/pexels-divinetechygirl-1181316-1536x1025.jpg 1536w, https:\/\/altaml.upjs.sk\/wp-content\/uploads\/sites\/29\/2025\/02\/pexels-divinetechygirl-1181316-2048x1367.jpg 2048w\" sizes=\"auto, (max-width: 2560px) 100vw, 2560px\" \/><\/figure>\n\n\n\n<h3 class=\"wp-block-heading\">Search<\/h3>\n\n\n\n<p class=\"has-medium-font-size\">Representation of data obtained from a legal text and proposal of a suitable search method<\/p>\n\n\n\n<p><a href=\"https:\/\/altaml.upjs.sk\/en\/o-projekte\/vyhladavanie\/\" data-type=\"page\" data-id=\"201\">More...<\/a><\/p>\n<\/div>\n\n\n\n<div class=\"wp-block-column is-layout-flow wp-block-column-is-layout-flow\">\n<figure class=\"wp-block-image size-full\" style=\"margin-bottom:24px\"><img loading=\"lazy\" decoding=\"async\" width=\"2560\" height=\"1706\" src=\"https:\/\/altaml.upjs.sk\/wp-content\/uploads\/sites\/29\/2025\/02\/relationships-scaled.jpg\" alt=\"\" class=\"wp-image-194\" style=\"aspect-ratio:4\/3;object-fit:cover\" srcset=\"https:\/\/altaml.upjs.sk\/wp-content\/uploads\/sites\/29\/2025\/02\/relationships-scaled.jpg 2560w, https:\/\/altaml.upjs.sk\/wp-content\/uploads\/sites\/29\/2025\/02\/relationships-300x200.jpg 300w, https:\/\/altaml.upjs.sk\/wp-content\/uploads\/sites\/29\/2025\/02\/relationships-1024x683.jpg 1024w, https:\/\/altaml.upjs.sk\/wp-content\/uploads\/sites\/29\/2025\/02\/relationships-768x512.jpg 768w, https:\/\/altaml.upjs.sk\/wp-content\/uploads\/sites\/29\/2025\/02\/relationships-1536x1024.jpg 1536w, https:\/\/altaml.upjs.sk\/wp-content\/uploads\/sites\/29\/2025\/02\/relationships-2048x1365.jpg 2048w\" sizes=\"auto, (max-width: 2560px) 100vw, 2560px\" \/><\/figure>\n\n\n\n<h3 class=\"wp-block-heading\">Identification<\/h3>\n\n\n\n<p class=\"has-medium-font-size\">Identifying relationships, deviations and groups of legal text<\/p>\n\n\n\n<p><a href=\"https:\/\/altaml.upjs.sk\/en\/o-projekte\/identifikacia\/\" data-type=\"page\" data-id=\"203\">More...<\/a><\/p>\n<\/div>\n<\/div>\n<\/div>","protected":false},"excerpt":{"rendered":"<p>O projekte Vyh\u013ead\u00e1vanie pr\u00e1vnych inform\u00e1ci\u00ed v&nbsp;pr\u00e1vnych predpisoch, rozhodnutiach s\u00fadov \u010di in\u00fdch \u0161t\u00e1tnych org\u00e1nov sa stalo be\u017enou s\u00fa\u010das\u0165ou \u017eivota nie len z\u00e1stupcov r\u00f4znych pr\u00e1vnick\u00fdch profesi\u00ed, ale aj \u0161irokej verejnosti. Existuj\u00face pr\u00e1vne informa\u010dn\u00e9 syst\u00e9my \u010di u\u017e na n\u00e1rodnej alebo eur\u00f3pskej \u00farovni, vo v\u00e4\u010d\u0161ine pr\u00edpadov funguj\u00fa na b\u00e1ze fulltextov\u00e9ho vyh\u013ead\u00e1vania, ktor\u00e9 m\u00f4\u017ee prehliadnu\u0165 relevantn\u00e9 inform\u00e1cie alebo naopak pon\u00fakne [&hellip;]<\/p>\n","protected":false},"author":35,"featured_media":0,"parent":0,"menu_order":0,"comment_status":"closed","ping_status":"closed","template":"page-no-title","meta":{"footnotes":""},"class_list":["post-8","page","type-page","status-publish","hentry"],"_links":{"self":[{"href":"https:\/\/altaml.upjs.sk\/en\/wp-json\/wp\/v2\/pages\/8","targetHints":{"allow":["GET"]}}],"collection":[{"href":"https:\/\/altaml.upjs.sk\/en\/wp-json\/wp\/v2\/pages"}],"about":[{"href":"https:\/\/altaml.upjs.sk\/en\/wp-json\/wp\/v2\/types\/page"}],"author":[{"embeddable":true,"href":"https:\/\/altaml.upjs.sk\/en\/wp-json\/wp\/v2\/users\/35"}],"replies":[{"embeddable":true,"href":"https:\/\/altaml.upjs.sk\/en\/wp-json\/wp\/v2\/comments?post=8"}],"version-history":[{"count":22,"href":"https:\/\/altaml.upjs.sk\/en\/wp-json\/wp\/v2\/pages\/8\/revisions"}],"predecessor-version":[{"id":248,"href":"https:\/\/altaml.upjs.sk\/en\/wp-json\/wp\/v2\/pages\/8\/revisions\/248"}],"wp:attachment":[{"href":"https:\/\/altaml.upjs.sk\/en\/wp-json\/wp\/v2\/media?parent=8"}],"curies":[{"name":"wp","href":"https:\/\/api.w.org\/{rel}","templated":true}]}}