{"id":679,"date":"2025-07-07T18:29:15","date_gmt":"2025-07-07T16:29:15","guid":{"rendered":"https:\/\/altaml.upjs.sk\/?page_id=679"},"modified":"2025-09-08T12:13:04","modified_gmt":"2025-09-08T10:13:04","slug":"blog","status":"publish","type":"page","link":"https:\/\/altaml.upjs.sk\/en\/blog\/","title":{"rendered":"Blog"},"content":{"rendered":"<main class=\"wp-block-group alignwide has-custom-black-color has-custom-white-background-color has-text-color has-background has-link-color wp-elements-b702c5ce77ad7e4a0a82f1e6cc39f6d0 is-layout-flow wp-block-group-is-layout-flow\" style=\"margin-top:0;margin-bottom:0;padding-top:var(--wp--preset--spacing--50);padding-bottom:var(--wp--preset--spacing--50)\">\n<h2 class=\"wp-block-heading\" style=\"padding-top:var(--wp--preset--spacing--40);padding-bottom:var(--wp--preset--spacing--40)\">Blog<\/h2>\n\n\n\n<div class=\"wp-block-columns alignwide is-layout-flex wp-container-core-columns-is-layout-cbe57604 wp-block-columns-is-layout-flex\">\n<div class=\"wp-block-column is-layout-flow wp-block-column-is-layout-flow\" style=\"flex-basis:75%\">\n<div class=\"wp-block-query is-layout-flow wp-block-query-is-layout-flow\"><ul class=\"wp-block-post-template is-layout-flow wp-block-post-template-is-layout-flow\"><li class=\"wp-block-post post-763 post type-post status-publish format-standard has-post-thumbnail hentry category-blog\">\n<figure style=\"aspect-ratio:3\/2;\" class=\"alignwide wp-block-post-featured-image\"><a href=\"https:\/\/altaml.upjs.sk\/en\/blog\/legal-ai-paradox-limity-generativnej-inteligencie-v-pravnej-praxi\/\" target=\"_self\"  ><img loading=\"lazy\" decoding=\"async\" width=\"1536\" height=\"1024\" src=\"https:\/\/altaml.upjs.sk\/wp-content\/uploads\/sites\/29\/2026\/03\/ChatGPT-Image-17.-3.-2026-15_20_40.png\" class=\"attachment-post-thumbnail size-post-thumbnail wp-post-image\" alt=\"Legal AI Paradox: Limity generat\u00edvnej inteligencie v pr\u00e1vnej praxi\" style=\"width:100%;height:100%;object-fit:cover;\" srcset=\"https:\/\/altaml.upjs.sk\/wp-content\/uploads\/sites\/29\/2026\/03\/ChatGPT-Image-17.-3.-2026-15_20_40.png 1536w, https:\/\/altaml.upjs.sk\/wp-content\/uploads\/sites\/29\/2026\/03\/ChatGPT-Image-17.-3.-2026-15_20_40-300x200.png 300w, https:\/\/altaml.upjs.sk\/wp-content\/uploads\/sites\/29\/2026\/03\/ChatGPT-Image-17.-3.-2026-15_20_40-1024x683.png 1024w, https:\/\/altaml.upjs.sk\/wp-content\/uploads\/sites\/29\/2026\/03\/ChatGPT-Image-17.-3.-2026-15_20_40-768x512.png 768w, https:\/\/altaml.upjs.sk\/wp-content\/uploads\/sites\/29\/2026\/03\/ChatGPT-Image-17.-3.-2026-15_20_40-18x12.png 18w\" sizes=\"auto, (max-width: 1536px) 100vw, 1536px\" \/><\/a><\/figure>\n\n\n<div class=\"wp-block-group has-custom-white-background-color has-background is-vertical is-content-justification-stretch is-layout-flex wp-container-core-group-is-layout-0ecb481e wp-block-group-is-layout-flex\" style=\"padding-top:var(--wp--preset--spacing--40);padding-bottom:var(--wp--preset--spacing--40)\"><h1 class=\"wp-block-post-title\"><a href=\"https:\/\/altaml.upjs.sk\/en\/blog\/legal-ai-paradox-limity-generativnej-inteligencie-v-pravnej-praxi\/\" target=\"_self\" >Legal AI Paradox: Limity generat\u00edvnej inteligencie v pr\u00e1vnej praxi<\/a><\/h1>\n\n<div style=\"text-transform:uppercase;letter-spacing:1.4px\" class=\"taxonomy-category wp-block-post-terms\"><a href=\"https:\/\/altaml.upjs.sk\/en\/category\/blog\/\" rel=\"tag\">Blog<\/a><\/div>\n\n<div class=\"wp-block-post-date\"><time datetime=\"2026-03-17T15:21:10+01:00\"><a href=\"https:\/\/altaml.upjs.sk\/en\/blog\/legal-ai-paradox-limity-generativnej-inteligencie-v-pravnej-praxi\/\">17. March 2026<\/a><\/time><\/div><\/div>\n\n<\/li><\/ul><\/div>\n<\/div>\n\n\n\n<div class=\"wp-block-column has-custom-white-background-color has-background is-layout-flow wp-block-column-is-layout-flow\" style=\"flex-basis:25%\">\n<h2 class=\"wp-block-heading has-small-font-size\" style=\"font-style:normal;font-weight:600;letter-spacing:1.6px;text-transform:uppercase\">OLDER<\/h2>\n\n\n\n<div style=\"height:var(--wp--preset--spacing--20)\" aria-hidden=\"true\" class=\"wp-block-spacer\"><\/div>\n\n\n\n<div class=\"wp-block-query is-layout-flow wp-block-query-is-layout-flow\"><ul class=\"wp-block-post-template is-layout-flow wp-block-post-template-is-layout-flow\"><li class=\"wp-block-post post-750 post type-post status-publish format-standard has-post-thumbnail hentry category-blog\">\n\n<div class=\"wp-block-group has-custom-white-background-color has-background is-vertical is-layout-flex wp-container-core-group-is-layout-98bb686d wp-block-group-is-layout-flex\"><h3 class=\"wp-block-post-title has-large-font-size\"><a href=\"https:\/\/altaml.upjs.sk\/en\/blog\/5-hlavnych-povinnosti-advokata-pri-pouzivani-ai-podla-noveho-metodickeho-usmernenia\/\" target=\"_self\" >5 hlavn\u00fdch povinnost\u00ed advok\u00e1ta pri pou\u017e\u00edvan\u00ed AI pod\u013ea nov\u00e9ho metodick\u00e9ho usmernenia<\/a><\/h3>\n\n<div class=\"wp-block-post-date has-small-font-size\"><time datetime=\"2026-01-16T18:33:36+01:00\"><a href=\"https:\/\/altaml.upjs.sk\/en\/blog\/5-hlavnych-povinnosti-advokata-pri-pouzivani-ai-podla-noveho-metodickeho-usmernenia\/\">16. January 2026<\/a><\/time><\/div><\/div>\n\n\n\n<div style=\"height:var(--wp--preset--spacing--20)\" aria-hidden=\"true\" class=\"wp-block-spacer\"><\/div>\n\n<\/li><li class=\"wp-block-post post-730 post type-post status-publish format-standard has-post-thumbnail hentry category-blog\">\n\n<div class=\"wp-block-group has-custom-white-background-color has-background is-vertical is-layout-flex wp-container-core-group-is-layout-98bb686d wp-block-group-is-layout-flex\"><h3 class=\"wp-block-post-title has-large-font-size\"><a href=\"https:\/\/altaml.upjs.sk\/en\/blog\/pasca-genai-v-oblasti-prava-alebo-na-co-si-davat-pozor-pri-jej-vyuzivani\/\" target=\"_self\" >Pasca GenAI v oblasti pr\u00e1va alebo na \u010do si d\u00e1va\u0165 pozor pri jej vyu\u017e\u00edvan\u00ed<\/a><\/h3>\n\n<div class=\"wp-block-post-date has-small-font-size\"><time datetime=\"2025-10-28T08:47:40+01:00\"><a href=\"https:\/\/altaml.upjs.sk\/en\/blog\/pasca-genai-v-oblasti-prava-alebo-na-co-si-davat-pozor-pri-jej-vyuzivani\/\">28. October 2025<\/a><\/time><\/div><\/div>\n\n\n\n<div style=\"height:var(--wp--preset--spacing--20)\" aria-hidden=\"true\" class=\"wp-block-spacer\"><\/div>\n\n<\/li><li class=\"wp-block-post post-704 post type-post status-publish format-standard has-post-thumbnail hentry category-blog\">\n\n<div class=\"wp-block-group has-custom-white-background-color has-background is-vertical is-layout-flex wp-container-core-group-is-layout-98bb686d wp-block-group-is-layout-flex\"><h3 class=\"wp-block-post-title has-large-font-size\"><a href=\"https:\/\/altaml.upjs.sk\/en\/blog\/ohrozenie-ochrany-sukromia-v-eu-alebo-preco-je-chat-control-2-0-tak-kontroverznou-otazkou\/\" target=\"_self\" >Ohrozenie ochrany s\u00fakromia v E\u00da alebo pre\u010do je Chat Control 2.0 tak kontroverznou ot\u00e1zkou?<\/a><\/h3>\n\n<div class=\"wp-block-post-date has-small-font-size\"><time datetime=\"2025-09-08T12:07:28+02:00\"><a href=\"https:\/\/altaml.upjs.sk\/en\/blog\/ohrozenie-ochrany-sukromia-v-eu-alebo-preco-je-chat-control-2-0-tak-kontroverznou-otazkou\/\">8. September 2025<\/a><\/time><\/div><\/div>\n\n\n\n<div style=\"height:var(--wp--preset--spacing--20)\" aria-hidden=\"true\" class=\"wp-block-spacer\"><\/div>\n\n<\/li><li class=\"wp-block-post post-691 post type-post status-publish format-standard has-post-thumbnail hentry category-blog\">\n\n<div class=\"wp-block-group has-custom-white-background-color has-background is-vertical is-layout-flex wp-container-core-group-is-layout-98bb686d wp-block-group-is-layout-flex\"><h3 class=\"wp-block-post-title has-large-font-size\"><a href=\"https:\/\/altaml.upjs.sk\/en\/blog\/mozog-na-autopilota-cena-ktoru-platime-za-pohodlie-vyuzivania-ai\/\" target=\"_self\" >Mozog na autopilota: Cena, ktor\u00fa plat\u00edme za pohodlie vyu\u017e\u00edvania AI<\/a><\/h3>\n\n<div class=\"wp-block-post-date has-small-font-size\"><time datetime=\"2025-07-30T08:21:45+02:00\"><a href=\"https:\/\/altaml.upjs.sk\/en\/blog\/mozog-na-autopilota-cena-ktoru-platime-za-pohodlie-vyuzivania-ai\/\">30. July 2025<\/a><\/time><\/div><\/div>\n\n\n\n<div style=\"height:var(--wp--preset--spacing--20)\" aria-hidden=\"true\" class=\"wp-block-spacer\"><\/div>\n\n<\/li><li class=\"wp-block-post post-671 post type-post status-publish format-standard has-post-thumbnail hentry category-blog\">\n\n<div class=\"wp-block-group has-custom-white-background-color has-background is-vertical is-layout-flex wp-container-core-group-is-layout-98bb686d wp-block-group-is-layout-flex\"><h3 class=\"wp-block-post-title has-large-font-size\"><a href=\"https:\/\/altaml.upjs.sk\/en\/blog\/ai-by-nas-nechala-zomriet-alebo-nas-vydierala-a-zavadzala\/\" target=\"_self\" >AI by n\u00e1s nechala zomrie\u0165 alebo n\u00e1s vydierala a zav\u00e1dzala<\/a><\/h3>\n\n<div class=\"wp-block-post-date has-small-font-size\"><time datetime=\"2025-07-07T18:20:50+02:00\"><a href=\"https:\/\/altaml.upjs.sk\/en\/blog\/ai-by-nas-nechala-zomriet-alebo-nas-vydierala-a-zavadzala\/\">7. July 2025<\/a><\/time><\/div><\/div>\n\n\n\n<div style=\"height:var(--wp--preset--spacing--20)\" aria-hidden=\"true\" class=\"wp-block-spacer\"><\/div>\n\n<\/li><li class=\"wp-block-post post-621 post type-post status-publish format-standard has-post-thumbnail hentry category-blog\">\n\n<div class=\"wp-block-group has-custom-white-background-color has-background is-vertical is-layout-flex wp-container-core-group-is-layout-98bb686d wp-block-group-is-layout-flex\"><h3 class=\"wp-block-post-title has-large-font-size\"><a href=\"https:\/\/altaml.upjs.sk\/en\/blog\/digi-terapia-je-ai-lepsim-posluchacom-ako-clovek\/\" target=\"_self\" >Digi-terapia: Je AI lep\u0161\u00edm posluch\u00e1\u010dom ako \u010dlovek?<\/a><\/h3>\n\n<div class=\"wp-block-post-date has-small-font-size\"><time datetime=\"2025-05-28T13:04:37+02:00\"><a href=\"https:\/\/altaml.upjs.sk\/en\/blog\/digi-terapia-je-ai-lepsim-posluchacom-ako-clovek\/\">28. May 2025<\/a><\/time><\/div><\/div>\n\n\n\n<div style=\"height:var(--wp--preset--spacing--20)\" aria-hidden=\"true\" class=\"wp-block-spacer\"><\/div>\n\n<\/li><li class=\"wp-block-post post-589 post type-post status-publish format-standard has-post-thumbnail hentry category-blog\">\n\n<div class=\"wp-block-group has-custom-white-background-color has-background is-vertical is-layout-flex wp-container-core-group-is-layout-98bb686d wp-block-group-is-layout-flex\"><h3 class=\"wp-block-post-title has-large-font-size\"><a href=\"https:\/\/altaml.upjs.sk\/en\/blog\/moze-algoritmus-predpovedat-vraha-kontroverzny-britsky-projekt-vyvolava-eticke-otazky\/\" target=\"_self\" >M\u00f4\u017ee algoritmus predpoveda\u0165 vraha? Kontroverzn\u00fd britsk\u00fd projekt vyvol\u00e1va etick\u00e9 ot\u00e1zky.<\/a><\/h3>\n\n<div class=\"wp-block-post-date has-small-font-size\"><time datetime=\"2025-04-29T14:37:04+02:00\"><a href=\"https:\/\/altaml.upjs.sk\/en\/blog\/moze-algoritmus-predpovedat-vraha-kontroverzny-britsky-projekt-vyvolava-eticke-otazky\/\">29. April 2025<\/a><\/time><\/div><\/div>\n\n\n\n<div style=\"height:var(--wp--preset--spacing--20)\" aria-hidden=\"true\" class=\"wp-block-spacer\"><\/div>\n\n<\/li><\/ul>\n\n<\/div>\n<\/div>\n<\/div>\n\n\n\n<div style=\"height:var(--wp--preset--spacing--50)\" aria-hidden=\"true\" class=\"wp-block-spacer\"><\/div>\n<\/main>","protected":false},"excerpt":{"rendered":"<p>Blog STAR\u0160IE<\/p>","protected":false},"author":35,"featured_media":0,"parent":0,"menu_order":0,"comment_status":"closed","ping_status":"closed","template":"page-no-title","meta":{"footnotes":""},"class_list":["post-679","page","type-page","status-publish","hentry"],"_links":{"self":[{"href":"https:\/\/altaml.upjs.sk\/en\/wp-json\/wp\/v2\/pages\/679","targetHints":{"allow":["GET"]}}],"collection":[{"href":"https:\/\/altaml.upjs.sk\/en\/wp-json\/wp\/v2\/pages"}],"about":[{"href":"https:\/\/altaml.upjs.sk\/en\/wp-json\/wp\/v2\/types\/page"}],"author":[{"embeddable":true,"href":"https:\/\/altaml.upjs.sk\/en\/wp-json\/wp\/v2\/users\/35"}],"replies":[{"embeddable":true,"href":"https:\/\/altaml.upjs.sk\/en\/wp-json\/wp\/v2\/comments?post=679"}],"version-history":[{"count":9,"href":"https:\/\/altaml.upjs.sk\/en\/wp-json\/wp\/v2\/pages\/679\/revisions"}],"predecessor-version":[{"id":710,"href":"https:\/\/altaml.upjs.sk\/en\/wp-json\/wp\/v2\/pages\/679\/revisions\/710"}],"wp:attachment":[{"href":"https:\/\/altaml.upjs.sk\/en\/wp-json\/wp\/v2\/media?parent=679"}],"curies":[{"name":"wp","href":"https:\/\/api.w.org\/{rel}","templated":true}]}}