{"id":647,"date":"2025-07-03T10:12:21","date_gmt":"2025-07-03T08:12:21","guid":{"rendered":"https:\/\/altaml.upjs.sk\/?page_id=647"},"modified":"2026-04-16T14:30:08","modified_gmt":"2026-04-16T12:30:08","slug":"vystupy","status":"publish","type":"page","link":"https:\/\/altaml.upjs.sk\/en\/vystupy\/","title":{"rendered":"Outpus"},"content":{"rendered":"<div class=\"wp-block-group has-custom-white-background-color has-background has-global-padding is-layout-constrained wp-container-core-group-is-layout-55ec501c wp-block-group-is-layout-constrained\" style=\"padding-top:0;padding-right:0;padding-bottom:0;padding-left:0\">\n<details class=\"wp-block-details has-custom-primary-color has-custom-white-background-color has-text-color has-background has-link-color wp-elements-c1daec6f8c241dc306da6c6f35384369 is-layout-flow wp-container-core-details-is-layout-ea23b42c wp-block-details-is-layout-flow\" style=\"padding-top:0;padding-right:0;padding-bottom:0;padding-left:0\"><summary>Method for continuous downloading of court decisions \u2013 KPB1<\/summary>\n<p class=\"has-custom-black-color has-text-color has-link-color wp-elements-1159546e11bd2ee99fee344f628024b6\">The method for continuously downloading court decisions is designed as<br>highly resilient load-balancing system built in Python<br>utilizing Microservices architecture in cooperation with message broker<br>RabbitMQ. The resulting decisions with metadata converted to JSON format are stored in a MongoDB database and for fast search, several attributes are also stored in a MySQL relational database. The system is deployable using Docker and Docker-compose technology.<\/p>\n\n\n\n<p class=\"has-custom-black-color has-text-color has-link-color wp-elements-6b063ae7101c475b77bb747b9351f20c\">Both source code and installation instructions are available in the public repository:<\/p>\n\n\n\n<p class=\"has-custom-primary-color has-text-color has-link-color wp-elements-15fbb34ca9c5c24aa8d9c79153499bcd\"><a href=\"https:\/\/gitlab.science.upjs.sk\/altaml\/decisions-downloader\" target=\"_blank\" rel=\"noreferrer noopener\">Decisions downloader<\/a><\/p>\n<\/details>\n\n\n\n<details class=\"wp-block-details has-custom-primary-color has-custom-white-background-color has-text-color has-background has-link-color wp-elements-737c592c4090fb2f2c95639031e015a6 is-layout-flow wp-container-core-details-is-layout-ea23b42c wp-block-details-is-layout-flow\" style=\"padding-top:0;padding-right:0;padding-bottom:0;padding-left:0\"><summary>End-user usage habits survey<br>legal texts \u2013 KPB1<\/summary>\n<p class=\"has-custom-black-color has-text-color has-link-color wp-elements-7a611f6a8baebe995f89a6699a0620b2\">Project partner Wolters Kluwer SR s.r.o. (hereinafter referred to as \"Wolters Kluwer Slovakia\") carried out a survey of the usage habits of end users of legal texts as part of work package KPB1.<\/p>\n\n\n\n<p class=\"has-custom-black-color has-text-color has-link-color wp-elements-687251a0aa3d22b250c1e767fc5bca31\">The aim of the survey was to identify the needs, habits and expectations of entities that regularly work with legal texts.<\/p>\n\n\n\n<p><a href=\"https:\/\/altaml.upjs.sk\/wp-content\/uploads\/sites\/29\/2025\/07\/Uzivatelsky-prieskum_altaml_WK_2025_04_04.pdf\">Prieskum koncov\u00fdch pou\u017e\u00edvate\u013eov<\/a><\/p>\n\n\n\n<p><a href=\"https:\/\/altaml.upjs.sk\/wp-content\/uploads\/sites\/29\/2025\/07\/Future_Ready_Lawyer_ALTAML_WK_2025_04_04.pdf\">2024 Wolters Kluwer Future Ready Lawyer Survey<\/a><\/p>\n\n\n\n<p><a href=\"https:\/\/altaml.upjs.sk\/wp-content\/uploads\/sites\/29\/2025\/07\/ALTAML_Users_survey_en.pdf\">Summary of the Survey of End Users of Legal Texts<\/a><\/p>\n<\/details>\n\n\n\n<details class=\"wp-block-details has-custom-primary-color has-custom-white-background-color has-text-color has-background has-link-color wp-elements-0c802ac7d14314342978a215445e4c92 is-layout-flow wp-container-core-details-is-layout-ea23b42c wp-block-details-is-layout-flow\" style=\"padding-top:0;padding-right:0;padding-bottom:0;padding-left:0\"><summary>Summary of the Survey of End Users of Legal Texts - KPB1<\/summary>\n<ol class=\"wp-block-list has-custom-black-color has-text-color has-link-color wp-elements-7b385a8141079c945ffe04e7d3f28f63\">\n<li>General information<\/li>\n<\/ol>\n\n\n\n<p class=\"has-contrast-color has-text-color has-link-color wp-elements-936d66fb9b917f1552ecf789bc2b1d92\">Project name: Automation of legal text analysis based on machine learning<br>Project code: 09I05-03-V02-00049<\/p>\n\n\n\n<ol class=\"wp-block-list has-custom-black-color has-text-color has-link-color wp-elements-ca3db975aae5a4a8ea2a0a67097ab61c\">\n<li>Introduction and survey objective<\/li>\n<\/ol>\n\n\n\n<p class=\"has-contrast-color has-text-color has-link-color wp-elements-3f12ba6f2856178f0368ebff6e04fbd5\">The project partner Wolters Kluwer SR s.r.o. (hereinafter referred to as \"Wolters Kluwer Slovensko\") carried out a survey of end-users of legal texts as part of the KPB1 work package.<br>The aim of the survey was to identify the needs, habits and expectations of entities that regularly work with legal texts. We focused on how end-users perceive current legal information tools, what they lack in them and what specific functionalities<br>could increase their efficiency in their work.<\/p>\n\n\n\n<ol class=\"wp-block-list has-custom-black-color has-text-color has-link-color wp-elements-31d93ee3e4d4bd774d76a826d3017c62\">\n<li>Survey methodology<\/li>\n<\/ol>\n\n\n\n<p class=\"has-contrast-color has-text-color has-link-color wp-elements-361422a0bb122fae0d17babfc29c63e5\">Number of respondents:<\/p>\n\n\n\n<ul class=\"wp-block-list\">\n<li class=\"has-custom-black-color has-text-color has-link-color wp-elements-f615b58f51fc0d1c987f968e95d88219\">102 legal professionals from different areas of law and regions of the Slovak Republic.<\/li>\n<\/ul>\n\n\n\n<p class=\"has-contrast-color has-text-color has-link-color wp-elements-2462365545bef5b12f83fcc44f214ed6\">Method of data collection:<\/p>\n\n\n\n<ul class=\"wp-block-list\">\n<li class=\"has-contrast-color has-text-color has-link-color wp-elements-94fd0e4d7fe962e7cc1d6a9caee998e2\">Combined interview form:\n<ul class=\"wp-block-list\">\n<li>Questionnaire with a focus on structured, open-ended questions.<\/li>\n\n\n\n<li>Direct in-depth interview in case of selected respondents.<\/li>\n<\/ul>\n<\/li>\n<\/ul>\n\n\n\n<p class=\"has-contrast-color has-text-color has-link-color wp-elements-88b01e44c3f1760869d1457cee4e822a\">Questionnaires were distributed to clients of Wolters Kluwer Slovakia. Not only ASPI users were contacted, but also users of other Wolters Kluwer Slovensko expert solutions who use various legal information systems in their work. After the data collection was completed, a thorough assessment of the relevance of the responses was carried out and they were discarded:<\/p>\n\n\n\n<ul class=\"wp-block-list\">\n<li class=\"has-contrast-color has-text-color has-link-color wp-elements-3b6669e150e1240988eee980e821edfa\">Incomplete responses<\/li>\n\n\n\n<li class=\"has-contrast-color has-text-color has-link-color wp-elements-14691554582bcc160b01e3cb9cfe1802\">Blank forms<\/li>\n\n\n\n<li class=\"has-contrast-color has-text-color has-link-color wp-elements-2cfeb1165ee176ebc976eafa1b2fb8dd\">Responses with no meaningful value (e.g. \"I use the legal system because I pay for it\")<\/li>\n<\/ul>\n\n\n\n<p class=\"has-contrast-color has-text-color has-link-color wp-elements-6f610f5f58bf28ebb4bd936949794425\">The questionnaires were anonymous, the data was processed in accordance with the GDPR.<\/p>\n\n\n\n<ol class=\"wp-block-list has-custom-black-color has-text-color has-link-color wp-elements-04c0384ae69065512797256af6235326\">\n<li>Characteristics of respondents<\/li>\n<\/ol>\n\n\n\n<p class=\"has-contrast-color has-text-color has-link-color wp-elements-b90407319ca7361b96077f8432bf1980\">Experts from various segments of legal practice participated in the survey, e.g.:<\/p>\n\n\n\n<ul class=\"wp-block-list\">\n<li class=\"has-contrast-color has-text-color has-link-color wp-elements-dfd10f719d5a29ba68b9c041cf91e8c0\">Lawyers and lawyers in the private sphere<\/li>\n\n\n\n<li class=\"has-contrast-color has-text-color has-link-color wp-elements-823ac1d572bc309e6392e59e9bdc72b7\">In-house lawyers in firms<\/li>\n\n\n\n<li class=\"has-contrast-color has-text-color has-link-color wp-elements-91a4627ff8b2a01c403dd1fd4f7bed67\">Public administration and judiciary employees<\/li>\n<\/ul>\n\n\n\n<ol class=\"wp-block-list has-custom-black-color has-text-color has-link-color wp-elements-b7ccb3860dc7d28f6b74284174215ff2\">\n<li>Summary of key findings<\/li>\n<\/ol>\n\n\n\n<p class=\"has-contrast-color has-text-color has-link-color wp-elements-40f57a3eabac05b2f0c1a42f662b0db4\">Based on the analysis of the responses, the following key end-user needs and expectations were identified:<\/p>\n\n\n\n<ul class=\"wp-block-list\">\n<li class=\"has-contrast-color has-text-color has-link-color wp-elements-d3a0e311d1a71dcbd4f500b395e4ff7a\">Fast and efficient search\n<ul class=\"wp-block-list\">\n<li>Respondents clearly stated the need for intuitive and accurate search that enables them to quickly obtain up-to-date and trustworthy information.<\/li>\n\n\n\n<li>They expect the search result to be immediately usable without the need for further verification or assessment of its relevance.<\/li>\n<\/ul>\n<\/li>\n\n\n\n<li class=\"has-contrast-color has-text-color has-link-color wp-elements-45675a2fb85e5a2ffee46bd129658085\">Working with case law\n<ul class=\"wp-block-list\">\n<li>Users would welcome concise summaries of court decisions, allowing them to quickly grasp the substance without having to read the entire judgment.<\/li>\n\n\n\n<li>The highlighting and extraction of keywords above the decisions was also positively evaluated, speeding up navigation and analysis.<\/li>\n<\/ul>\n<\/li>\n\n\n\n<li class=\"has-contrast-color has-text-color has-link-color wp-elements-4ed4cae84e7215cc1e2b7d6096b90936\">Predicting the outcome of legal disputes\n<ul class=\"wp-block-list\">\n<li>An interesting request that has been made repeatedly is a tool to predict the outcome of litigation.<\/li>\n\n\n\n<li>Such a tool would help to more quickly assess the likelihood of success in a particular case, and thus plan further legal action more effectively.<\/li>\n\n\n\n<li>Although this is a challenging functionality, several respondents see significant potential for the future of legal information systems.<\/li>\n<\/ul>\n<\/li>\n<\/ul>\n\n\n\n<ol class=\"wp-block-list has-custom-black-color has-text-color has-link-color wp-elements-a6c703a97820c226647b0a53397890e6\">\n<li>Conclusion and recommendations<\/li>\n<\/ol>\n\n\n\n<p class=\"has-contrast-color has-text-color has-link-color wp-elements-eb145411d3fac3b703f190b330656c87\">The survey results confirm that end users of legal texts expect smart, fast and reliable tools that simplify their work and reduce the time needed to search and analyse legal information.<\/p>\n\n\n\n<p class=\"has-contrast-color has-text-color has-link-color wp-elements-7b74f6cce73fcd47233d1722ec9e427f\">Key recommendations based on the survey are:<\/p>\n\n\n\n<ul class=\"wp-block-list\">\n<li class=\"has-contrast-color has-text-color has-link-color wp-elements-cb3e9c421cb182cefdb553aad1c992a0\">Streamline search mechanisms with an emphasis on accuracy, filtering and ease of use.<\/li>\n\n\n\n<li class=\"has-contrast-color has-text-color has-link-color wp-elements-b30cf67c2e2d53cf2335d9c024fb4773\">Implement case law summaries and keywords to increase clarity and reduce the time needed to navigate through decisions.<\/li>\n\n\n\n<li class=\"has-contrast-color has-text-color has-link-color wp-elements-0c1b8e5ee27769e9c891f91b480074fe\">Consider developing a tool for predictive analysis of legal cases that could use a combination of historical decisions, similarities between cases, and case law development.<\/li>\n<\/ul>\n<\/details>\n\n\n\n<details class=\"wp-block-details has-custom-primary-color has-custom-white-background-color has-text-color has-background has-link-color wp-elements-79820fac87069b2e1030a90812d293df is-layout-flow wp-container-core-details-is-layout-ea23b42c wp-block-details-is-layout-flow\" style=\"padding-top:0;padding-right:0;padding-bottom:0;padding-left:0\"><summary><strong>Met\u00f3da\u00a0pride\u013eovania k\u013e\u00fa\u010dov\u00fdch pojmov<\/strong> &#8211; KPB2<\/summary>\n<div class=\"wp-block-file\"><a id=\"wp-block-file--media-7c51e71c-cbba-4852-9a4a-590ac0ea5c5d\" href=\"https:\/\/altaml.upjs.sk\/wp-content\/uploads\/sites\/29\/2026\/04\/ALTAML-D09-KPB2-Metoda-pridelovania-klucovych-pojmov-EN.pdf\">ALTAML-D09-KPB2 \u2013 Meto\u0301da pridel\u030covania kl\u030cu\u0301c\u030covy\u0301ch pojmov (EN)<\/a><\/div>\n<\/details>\n\n\n\n<details class=\"wp-block-details has-custom-primary-color has-custom-white-background-color has-text-color has-background has-link-color wp-elements-0cf70872457997713afe134fb01901c9 is-layout-flow wp-container-core-details-is-layout-ea23b42c wp-block-details-is-layout-flow\" style=\"padding-top:0;padding-right:0;padding-bottom:0;padding-left:0\"><summary>Link extraction method \u2013 KPB2.1<\/summary>\n<p class=\"has-custom-black-color has-text-color has-link-color wp-elements-3d9962c1591f63c753bbf1a069d1ae23\">ALTAML Referex is a system written in Python that is used for automated extraction of references to:<\/p>\n\n\n\n<ul class=\"wp-block-list has-custom-black-color has-text-color has-link-color wp-elements-5378def79dc67f771b709949b950d4cb\">\n<li>Slovak legislation<\/li>\n\n\n\n<li>previous decisions of Slovak courts<\/li>\n\n\n\n<li>decisions of the European Court of Human Rights<\/li>\n\n\n\n<li>decisions of the Court of Justice of the European Union<\/li>\n\n\n\n<li>decisions of the Personal Data Protection Office of the Slovak Republic<\/li>\n<\/ul>\n\n\n\n<p class=\"has-custom-black-color has-text-color has-link-color wp-elements-c3cbce877e1b9b313db8494287cf0e6f\">The system is accessible via a REST API, with all necessary source code<br>and detailed instructions for starting can be found at this link:<\/p>\n\n\n\n<p class=\"has-custom-primary-color has-text-color has-link-color wp-elements-baea058e02d071f0b51e084c0d6828c4\"><a href=\"https:\/\/gitlab.science.upjs.sk\/altaml\/referex\">Referex<\/a><\/p>\n\n\n\n<div class=\"wp-block-file\"><a id=\"wp-block-file--media-b0f65484-03f4-4b78-b33b-0cd8a84384b3\" href=\"https:\/\/altaml.upjs.sk\/wp-content\/uploads\/sites\/29\/2026\/04\/ALTAML-D05-KPB2.1-Metoda-na-extrakciu-referencii-SK.pdf\">https:\/\/altaml.upjs.sk\/wp-content\/uploads\/sites\/29\/2026\/04\/ALTAML-D05-KPB2.1-Metoda-na-extrakciu-referencii-EN.pdf<\/a><\/div>\n<\/details>\n\n\n\n<details class=\"wp-block-details has-custom-primary-color has-custom-white-background-color has-text-color has-background has-link-color wp-elements-d96513f63fd5946eff6933efcd1cf036 is-layout-flow wp-container-core-details-is-layout-ea23b42c wp-block-details-is-layout-flow\" style=\"padding-top:0;padding-right:0;padding-bottom:0;padding-left:0\"><summary><strong>Datab\u00e1za slovensk\u00fdch a anglick\u00fdch pr\u00e1vnych pojmov<\/strong> &#8211; KPB2.4<\/summary>\n<div class=\"wp-block-file\"><a id=\"wp-block-file--media-0704c928-5514-4240-a75f-9bf447279a91\" href=\"https:\/\/altaml.upjs.sk\/wp-content\/uploads\/sites\/29\/2026\/04\/ALTAML-D08-KPB2.4-Databaza-slovenskych-a-anglickych-pravnych-pojmov-EN.pdf\">ALTAML-D08-KPB2.4-Databa\u0301za slovensky\u0301ch a anglicky\u0301ch pra\u0301vnych pojmov (EN)<\/a><\/div>\n<\/details>\n\n\n\n<details class=\"wp-block-details has-custom-primary-color has-custom-white-background-color has-text-color has-background has-link-color wp-elements-53945370b9749da8a55b329af120e489 is-layout-flow wp-container-core-details-is-layout-ea23b42c wp-block-details-is-layout-flow\" style=\"padding-top:0;padding-right:0;padding-bottom:0;padding-left:0\"><summary>Obsahov\u00e1 anal\u00fdza rozhodnut\u00ed &#8211; KPB2.6<\/summary>\n<div class=\"wp-block-file\"><a id=\"wp-block-file--media-251016ca-37f0-401c-b67c-42bc1a3ebf10\" href=\"https:\/\/altaml.upjs.sk\/wp-content\/uploads\/sites\/29\/2026\/04\/ALTAML-D06-KPB2.6_Obsahova-analyza-rozhodnuti_EN.pdf\">ALTAML_D06_KPB2.6_Obsahova-analyza-rozhodnuti_EN<\/a><\/div>\n<\/details>\n\n\n\n<details class=\"wp-block-details has-custom-primary-color has-custom-white-background-color has-text-color has-background has-link-color wp-elements-4cf62e621632ab8357ce1047bd517581 is-layout-flow wp-container-core-details-is-layout-ea23b42c wp-block-details-is-layout-flow\" style=\"padding-top:0;padding-right:0;padding-bottom:0;padding-left:0\"><summary><strong><strong>S\u00e9mantick\u00fd graf<\/strong><\/strong> &#8211; KPB3.1<\/summary>\n<div class=\"wp-block-file\"><a id=\"wp-block-file--media-d5e8c6cd-70f2-4836-add5-731c28c5c839\" href=\"https:\/\/altaml.upjs.sk\/wp-content\/uploads\/sites\/29\/2026\/04\/ALTAML-D14-KPB3.1-Semanticky-graf-EN.pdf\">ALTAML-D14-KPB3.1-Se\u0301manticky\u0301 graf (EN)<\/a><\/div>\n<\/details>\n\n\n\n<details class=\"wp-block-details has-custom-primary-color has-custom-white-background-color has-text-color has-background has-link-color wp-elements-8f76c157aa6428fb0d4fc4051ac9fc98 is-layout-flow wp-container-core-details-is-layout-ea23b42c wp-block-details-is-layout-flow\" style=\"padding-top:0;padding-right:0;padding-bottom:0;padding-left:0\"><summary><strong>N\u00e1vrh repozit\u00e1ra<\/strong>\u202f\u00a0&#8211; KPB3.2<\/summary>\n<div class=\"wp-block-file\"><a id=\"wp-block-file--media-51e245a3-765f-4c79-bd0b-ce11e0f1b181\" href=\"https:\/\/altaml.upjs.sk\/wp-content\/uploads\/sites\/29\/2026\/04\/ALTAML-D15-KPB3.2-Repository-design-EN.pdf\">ALTAML-D15-KPB3.2-Repository design (EN)<\/a><\/div>\n<\/details>\n\n\n\n<details class=\"wp-block-details has-custom-primary-color has-custom-white-background-color has-text-color has-background has-link-color wp-elements-ec3b8a848461a6e47c39d528abee897a is-layout-flow wp-container-core-details-is-layout-ea23b42c wp-block-details-is-layout-flow\" style=\"padding-top:0;padding-right:0;padding-bottom:0;padding-left:0\"><summary><strong>Met\u00f3da\u00a0na vytv\u00e1ranie\u00a0a\u00a0popisovania klastrov <\/strong>&#8211; KPB4.3\u00a0<\/summary>\n<div class=\"wp-block-file\"><a id=\"wp-block-file--media-bceb004c-6111-4d71-bbbc-2b35b8144f78\" href=\"https:\/\/altaml.upjs.sk\/wp-content\/uploads\/sites\/29\/2026\/04\/ALTAML-D20-KPB4.3-Metoda-pre-vytvaranie-a-popisanie-klastrov-EN.pdf\">ALTAML-D20-KPB4.3 - Metoda pre vytva\u0301ranie a popisanie klastrov (EN)<\/a><\/div>\n<\/details>\n\n\n\n<details class=\"wp-block-details has-custom-primary-color has-custom-white-background-color has-text-color has-background has-link-color wp-elements-69114963dec9ae0c63b3f2adca67ea69 is-layout-flow wp-container-core-details-is-layout-ea23b42c wp-block-details-is-layout-flow\" style=\"padding-top:0;padding-right:0;padding-bottom:0;padding-left:0\"><summary>Recenzovan\u00e9 vedeck\u00e9 \u010dl\u00e1nky &#8211; KPB5.2<\/summary>\n<div class=\"wp-block-file\"><a id=\"wp-block-file--media-c88c244a-d523-421a-95d8-2f6d623143ab\" href=\"https:\/\/altaml.upjs.sk\/wp-content\/uploads\/sites\/29\/2026\/04\/ALTAML-clanky.pdf\">ALTAML &#8211; c\u030cla\u0301nky<\/a><\/div>\n<\/details>\n\n\n\n<details class=\"wp-block-details has-custom-primary-color has-custom-white-background-color has-text-color has-background has-link-color wp-elements-88d17b2f403151c22df77c0077970705 is-layout-flow wp-container-core-details-is-layout-ea23b42c wp-block-details-is-layout-flow\" style=\"padding-top:0;padding-right:0;padding-bottom:0;padding-left:0\"><summary>Pl\u00e1n komunik\u00e1cie, \u0161\u00edrenia a vyu\u017eitia &#8211; KPB5.3<\/summary>\n<div class=\"wp-block-file\"><a id=\"wp-block-file--media-d192a88b-7f94-4987-8469-5b226ce213fb\" href=\"https:\/\/altaml.upjs.sk\/wp-content\/uploads\/sites\/29\/2026\/04\/ALTAML-D25-KPB5.3-Plan-komunikacie-sirenia-a-vyuzitia-EN.pdf\">ALTAML-D25-KPB5.3-Pla\u0301n komunika\u0301cie, s\u030ci\u0301renia a vyuz\u030citia (EN)<\/a><\/div>\n\n\n\n<div class=\"wp-block-file\"><a id=\"wp-block-file--media-d056046e-d218-4b3e-a69d-2504995ec5f7\" href=\"https:\/\/altaml.upjs.sk\/wp-content\/uploads\/sites\/29\/2026\/04\/ALTAML-D28-KPB5.3-Toolkit-EN.pdf\">ALTAML-D28-KPB5.3-Toolkit (EN)<\/a><\/div>\n<\/details>\n<\/div>\n\n\n\n<p><\/p>","protected":false},"excerpt":{"rendered":"","protected":false},"author":35,"featured_media":0,"parent":0,"menu_order":0,"comment_status":"closed","ping_status":"closed","template":"","meta":{"footnotes":""},"class_list":["post-647","page","type-page","status-publish","hentry"],"_links":{"self":[{"href":"https:\/\/altaml.upjs.sk\/en\/wp-json\/wp\/v2\/pages\/647","targetHints":{"allow":["GET"]}}],"collection":[{"href":"https:\/\/altaml.upjs.sk\/en\/wp-json\/wp\/v2\/pages"}],"about":[{"href":"https:\/\/altaml.upjs.sk\/en\/wp-json\/wp\/v2\/types\/page"}],"author":[{"embeddable":true,"href":"https:\/\/altaml.upjs.sk\/en\/wp-json\/wp\/v2\/users\/35"}],"replies":[{"embeddable":true,"href":"https:\/\/altaml.upjs.sk\/en\/wp-json\/wp\/v2\/comments?post=647"}],"version-history":[{"count":30,"href":"https:\/\/altaml.upjs.sk\/en\/wp-json\/wp\/v2\/pages\/647\/revisions"}],"predecessor-version":[{"id":804,"href":"https:\/\/altaml.upjs.sk\/en\/wp-json\/wp\/v2\/pages\/647\/revisions\/804"}],"wp:attachment":[{"href":"https:\/\/altaml.upjs.sk\/en\/wp-json\/wp\/v2\/media?parent=647"}],"curies":[{"name":"wp","href":"https:\/\/api.w.org\/{rel}","templated":true}]}}