{"id":350,"date":"2025-03-05T10:03:50","date_gmt":"2025-03-05T09:03:50","guid":{"rendered":"https:\/\/altaml.upjs.sk\/?page_id=350"},"modified":"2025-03-28T09:34:55","modified_gmt":"2025-03-28T08:34:55","slug":"riesitelia","status":"publish","type":"page","link":"https:\/\/altaml.upjs.sk\/en\/nas-tim\/wolters-kluver\/riesitelia\/","title":{"rendered":"Wolters riesitelia"},"content":{"rendered":"<div class=\"wp-block-group alignfull has-custom-black-color has-custom-white-background-color has-text-color has-background has-link-color wp-elements-a5406330ee2b8ee0dbe105d39fe4d988 has-global-padding is-layout-constrained wp-block-group-is-layout-constrained\" style=\"margin-top:0;margin-bottom:0;padding-top:var(--wp--preset--spacing--60);padding-bottom:var(--wp--preset--spacing--60)\">\n<div class=\"wp-block-group alignwide has-custom-black-color has-custom-white-background-color has-text-color has-background has-link-color wp-elements-301d5246d0586f338004fd187ee48335 is-layout-flow wp-block-group-is-layout-flow\">\n<h2 class=\"wp-block-heading has-xx-large-font-size\">Team<\/h2>\n\n\n\n<p>Wolters Kluwer SR s.r.o.<\/p>\n\n\n\n<div style=\"height:var(--wp--preset--spacing--30)\" aria-hidden=\"true\" class=\"wp-block-spacer\"><\/div>\n\n\n\n<div class=\"wp-block-group has-custom-black-color has-custom-white-background-color has-text-color has-background has-link-color wp-elements-6841e29e32194a0e70f15741f0ce4534 is-vertical is-content-justification-stretch is-nowrap is-layout-flex wp-container-core-group-is-layout-ac28b48c wp-block-group-is-layout-flex\" style=\"border-top-color:var(--wp--preset--color--accent-6);border-top-width:1px;padding-top:var(--wp--preset--spacing--40);padding-bottom:var(--wp--preset--spacing--40)\">\n<div class=\"wp-block-group team has-custom-white-background-color has-background is-layout-grid wp-container-core-group-is-layout-d8c4a1bc wp-block-group-is-layout-grid\">\n<div class=\"wp-block-columns team-member is-layout-flex wp-container-core-columns-is-layout-7255d826 wp-block-columns-is-layout-flex\" style=\"margin-top:var(--wp--preset--spacing--40);margin-bottom:var(--wp--preset--spacing--40)\">\n<div class=\"wp-block-column is-layout-flow wp-block-column-is-layout-flow\" style=\"flex-basis:33.33%\">\n<figure class=\"wp-block-image size-full is-style-rounded wp-container-content-9d2aa341\"><img loading=\"lazy\" decoding=\"async\" width=\"2133\" height=\"1654\" src=\"https:\/\/altaml.upjs.sk\/wp-content\/uploads\/sites\/29\/2025\/03\/Peter-Machata.jpg\" alt=\"\" class=\"wp-image-370\" style=\"aspect-ratio:1;object-fit:cover\" srcset=\"https:\/\/altaml.upjs.sk\/wp-content\/uploads\/sites\/29\/2025\/03\/Peter-Machata.jpg 2133w, https:\/\/altaml.upjs.sk\/wp-content\/uploads\/sites\/29\/2025\/03\/Peter-Machata-300x233.jpg 300w, https:\/\/altaml.upjs.sk\/wp-content\/uploads\/sites\/29\/2025\/03\/Peter-Machata-1024x794.jpg 1024w, https:\/\/altaml.upjs.sk\/wp-content\/uploads\/sites\/29\/2025\/03\/Peter-Machata-768x596.jpg 768w, https:\/\/altaml.upjs.sk\/wp-content\/uploads\/sites\/29\/2025\/03\/Peter-Machata-1536x1191.jpg 1536w, https:\/\/altaml.upjs.sk\/wp-content\/uploads\/sites\/29\/2025\/03\/Peter-Machata-2048x1588.jpg 2048w\" sizes=\"auto, (max-width: 2133px) 100vw, 2133px\" \/><\/figure>\n<\/div>\n\n\n\n<div class=\"wp-block-column is-layout-flow wp-container-core-column-is-layout-f5bb311e wp-block-column-is-layout-flow\" style=\"flex-basis:66.66%\">\n<div class=\"wp-block-group has-custom-black-color has-custom-white-background-color has-text-color has-background has-link-color wp-elements-506dc116ba9d46bbc3fb553066c35485 is-vertical is-content-justification-stretch is-layout-flex wp-container-core-group-is-layout-69c550ab wp-block-group-is-layout-flex\">\n<h4 class=\"wp-block-heading has-x-large-font-size\"><a href=\"#\">Mgr. Peter Machata<\/a><\/h4>\n\n\n\n<p class=\"has-custom-black-color has-text-color has-link-color has-small-font-size wp-elements-e1e547bbd79dff4231ccbbc788243255\">key scientific researcher<\/p>\n\n\n\n<p class=\"has-custom-black-color has-text-color has-link-color wp-elements-4c8f1d05fffbedacfa858d110b02ed22\">Peter has been with Wolters Kluwer SR s.r.o. since 2017. He has been the editor-in-chief of the legal editorial office since 2020. He is currently responsible for editorial content, implementation of new editorial tools and the ASPI legal information system.<\/p>\n<\/div>\n\n\n\n<div class=\"wp-block-group has-custom-black-color has-custom-white-background-color has-text-color has-background has-link-color wp-elements-b61c8d534d545108a014ad7f4a4e9fd3 is-nowrap is-layout-flex wp-container-core-group-is-layout-fc054d2d wp-block-group-is-layout-flex\">\n<p class=\"has-medium-font-size\"><\/p>\n\n\n\n<p class=\"has-medium-font-size\"><\/p>\n<\/div>\n<\/div>\n<\/div>\n\n\n\n<div class=\"wp-block-columns team-member is-layout-flex wp-container-core-columns-is-layout-7255d826 wp-block-columns-is-layout-flex\" style=\"margin-top:var(--wp--preset--spacing--40);margin-bottom:var(--wp--preset--spacing--40)\">\n<div class=\"wp-block-column is-layout-flow wp-block-column-is-layout-flow\" style=\"flex-basis:33.33%\">\n<figure class=\"wp-block-image size-full is-style-rounded wp-container-content-9d2aa341\"><img loading=\"lazy\" decoding=\"async\" width=\"1920\" height=\"2560\" src=\"https:\/\/altaml.upjs.sk\/wp-content\/uploads\/sites\/29\/2025\/03\/Dagmar-Novakova-scaled.jpg\" alt=\"\" class=\"wp-image-371\" style=\"aspect-ratio:1;object-fit:cover\" srcset=\"https:\/\/altaml.upjs.sk\/wp-content\/uploads\/sites\/29\/2025\/03\/Dagmar-Novakova-scaled.jpg 1920w, https:\/\/altaml.upjs.sk\/wp-content\/uploads\/sites\/29\/2025\/03\/Dagmar-Novakova-225x300.jpg 225w, https:\/\/altaml.upjs.sk\/wp-content\/uploads\/sites\/29\/2025\/03\/Dagmar-Novakova-768x1024.jpg 768w, https:\/\/altaml.upjs.sk\/wp-content\/uploads\/sites\/29\/2025\/03\/Dagmar-Novakova-1152x1536.jpg 1152w, https:\/\/altaml.upjs.sk\/wp-content\/uploads\/sites\/29\/2025\/03\/Dagmar-Novakova-1536x2048.jpg 1536w\" sizes=\"auto, (max-width: 1920px) 100vw, 1920px\" \/><\/figure>\n<\/div>\n\n\n\n<div class=\"wp-block-column is-layout-flow wp-container-core-column-is-layout-f5bb311e wp-block-column-is-layout-flow\" style=\"flex-basis:66.66%\">\n<div class=\"wp-block-group has-custom-black-color has-custom-white-background-color has-text-color has-background has-link-color wp-elements-ae6044ae8d294866c42818b926bc6a56 is-vertical is-content-justification-stretch is-layout-flex wp-container-core-group-is-layout-69c550ab wp-block-group-is-layout-flex\">\n<h4 class=\"wp-block-heading has-x-large-font-size\"><a href=\"#\">Dagmar Nov\u00e1kov\u00e1<\/a><\/h4>\n\n\n\n<p class=\"has-custom-black-color has-text-color has-link-color has-small-font-size wp-elements-e1e547bbd79dff4231ccbbc788243255\">key scientific researcher<\/p>\n\n\n\n<p class=\"has-custom-black-color has-text-color has-link-color wp-elements-3cb6c9b05d877cb37bba0034e7c8d1c1\">Dagmar has been with Wolters Kluwer SR since 2008, currently as Data Processing Lead SK\/CZ. He has over 20 years of experience in data processing and database maintenance of legal information systems.<\/p>\n<\/div>\n\n\n\n<div class=\"wp-block-group has-custom-black-color has-custom-white-background-color has-text-color has-background has-link-color wp-elements-b61c8d534d545108a014ad7f4a4e9fd3 is-nowrap is-layout-flex wp-container-core-group-is-layout-fc054d2d wp-block-group-is-layout-flex\">\n<p class=\"has-medium-font-size\"><\/p>\n\n\n\n<p class=\"has-medium-font-size\"><\/p>\n<\/div>\n<\/div>\n<\/div>\n\n\n\n<div class=\"wp-block-columns team-member is-layout-flex wp-container-core-columns-is-layout-7255d826 wp-block-columns-is-layout-flex\" style=\"margin-top:var(--wp--preset--spacing--40);margin-bottom:var(--wp--preset--spacing--40)\">\n<div class=\"wp-block-column is-layout-flow wp-block-column-is-layout-flow\" style=\"flex-basis:33.33%\">\n<figure class=\"wp-block-image size-full is-style-rounded wp-container-content-9d2aa341\"><img loading=\"lazy\" decoding=\"async\" width=\"408\" height=\"408\" src=\"https:\/\/altaml.upjs.sk\/wp-content\/uploads\/sites\/29\/2025\/03\/Dusana-Bieleszova.jpg\" alt=\"\" class=\"wp-image-372\" style=\"aspect-ratio:1;object-fit:cover\" srcset=\"https:\/\/altaml.upjs.sk\/wp-content\/uploads\/sites\/29\/2025\/03\/Dusana-Bieleszova.jpg 408w, https:\/\/altaml.upjs.sk\/wp-content\/uploads\/sites\/29\/2025\/03\/Dusana-Bieleszova-300x300.jpg 300w, https:\/\/altaml.upjs.sk\/wp-content\/uploads\/sites\/29\/2025\/03\/Dusana-Bieleszova-150x150.jpg 150w\" sizes=\"auto, (max-width: 408px) 100vw, 408px\" \/><\/figure>\n<\/div>\n\n\n\n<div class=\"wp-block-column is-layout-flow wp-container-core-column-is-layout-f5bb311e wp-block-column-is-layout-flow\" style=\"flex-basis:66.66%\">\n<div class=\"wp-block-group has-custom-black-color has-custom-white-background-color has-text-color has-background has-link-color wp-elements-cb50a0c666cfd8795cf39ee267596468 is-vertical is-content-justification-stretch is-layout-flex wp-container-core-group-is-layout-69c550ab wp-block-group-is-layout-flex\">\n<h4 class=\"wp-block-heading has-x-large-font-size\"><a href=\"#\">Du\u0161ana Bieleszov\u00e1<\/a><\/h4>\n\n\n\n<p class=\"has-custom-black-color has-text-color has-link-color has-small-font-size wp-elements-e1e547bbd79dff4231ccbbc788243255\">key scientific researcher<\/p>\n\n\n\n<p class=\"has-custom-black-color has-text-color has-link-color wp-elements-e545a842f667669f771bc77840d6d030\">V spolo\u010dnosti Wolters Kluwer SR p\u00f4sob\u00ed od roku 2013, v s\u00fa\u010dasnosti na poz\u00edcii \u0161\u00e9fredaktorky. V&nbsp;jej portf\u00f3liu s\u00fa produkty zameran\u00e9 najm\u00e4 na verejn\u00fa spr\u00e1vu, \u0161kolstvo, pracovn\u00e9 pr\u00e1vo, ochranu osobn\u00fdch \u00fadajov, verejn\u00e9 obstar\u00e1vanie, bezpe\u010dnos\u0165 pr\u00e1ce. S\u00fa\u010das\u0165ou jej agendy s\u00fa online port\u00e1ly, odborn\u00e9 \u010dasopisy aj&nbsp;monografie.<\/p>\n<\/div>\n\n\n\n<div class=\"wp-block-group has-custom-black-color has-custom-white-background-color has-text-color has-background has-link-color wp-elements-b61c8d534d545108a014ad7f4a4e9fd3 is-nowrap is-layout-flex wp-container-core-group-is-layout-fc054d2d wp-block-group-is-layout-flex\">\n<p class=\"has-medium-font-size\"><\/p>\n\n\n\n<p class=\"has-medium-font-size\"><\/p>\n<\/div>\n<\/div>\n<\/div>\n<\/div>\n<\/div>\n<\/div>\n<\/div>","protected":false},"excerpt":{"rendered":"<p>Rie\u0161itelia Wolters Kluwer SR s.r.o. Mgr. Peter Machata k\u013e\u00fa\u010dov\u00fd vedecko-v\u00fdskumn\u00fd pracovn\u00edk Peter p\u00f4sob\u00ed v spolo\u010dnosti Wolters Kluwer SR s.r.o. od roku 2017. \u0160\u00e9fredaktorom pr\u00e1vnickej redakcie je od roku 2020. V s\u00fa\u010dastnosti je zodpovedn\u00fd za redak\u010dn\u00fd obsah, implement\u00e1ciu nov\u00fdch redak\u010dn\u00fdch n\u00e1strojov a za syst\u00e9m pr\u00e1vnych inform\u00e1ci\u00ed ASPI. Dagmar Nov\u00e1kov\u00e1 k\u013e\u00fa\u010dov\u00fd vedecko-v\u00fdskumn\u00fd pracovn\u00edk V spolo\u010dnosti Wolters Kluwer [&hellip;]<\/p>\n","protected":false},"author":35,"featured_media":0,"parent":290,"menu_order":0,"comment_status":"closed","ping_status":"closed","template":"page-no-title","meta":{"footnotes":""},"class_list":["post-350","page","type-page","status-publish","hentry"],"_links":{"self":[{"href":"https:\/\/altaml.upjs.sk\/en\/wp-json\/wp\/v2\/pages\/350","targetHints":{"allow":["GET"]}}],"collection":[{"href":"https:\/\/altaml.upjs.sk\/en\/wp-json\/wp\/v2\/pages"}],"about":[{"href":"https:\/\/altaml.upjs.sk\/en\/wp-json\/wp\/v2\/types\/page"}],"author":[{"embeddable":true,"href":"https:\/\/altaml.upjs.sk\/en\/wp-json\/wp\/v2\/users\/35"}],"replies":[{"embeddable":true,"href":"https:\/\/altaml.upjs.sk\/en\/wp-json\/wp\/v2\/comments?post=350"}],"version-history":[{"count":7,"href":"https:\/\/altaml.upjs.sk\/en\/wp-json\/wp\/v2\/pages\/350\/revisions"}],"predecessor-version":[{"id":539,"href":"https:\/\/altaml.upjs.sk\/en\/wp-json\/wp\/v2\/pages\/350\/revisions\/539"}],"up":[{"embeddable":true,"href":"https:\/\/altaml.upjs.sk\/en\/wp-json\/wp\/v2\/pages\/290"}],"wp:attachment":[{"href":"https:\/\/altaml.upjs.sk\/en\/wp-json\/wp\/v2\/media?parent=350"}],"curies":[{"name":"wp","href":"https:\/\/api.w.org\/{rel}","templated":true}]}}