{"id":347,"date":"2025-03-05T10:02:55","date_gmt":"2025-03-05T09:02:55","guid":{"rendered":"https:\/\/altaml.upjs.sk\/?page_id=347"},"modified":"2025-03-28T09:33:54","modified_gmt":"2025-03-28T08:33:54","slug":"riesitelia","status":"publish","type":"page","link":"https:\/\/altaml.upjs.sk\/en\/nas-tim\/upjs\/riesitelia\/","title":{"rendered":"UPJS riesitelia"},"content":{"rendered":"<div class=\"wp-block-group alignfull has-custom-black-color has-custom-white-background-color has-text-color has-background has-link-color wp-elements-ea02c14f6b55d9e0d2872e8f0de426aa has-global-padding is-layout-constrained wp-block-group-is-layout-constrained\" style=\"margin-top:0;margin-bottom:0;padding-top:var(--wp--preset--spacing--60);padding-bottom:var(--wp--preset--spacing--60)\">\n<div class=\"wp-block-group alignwide has-custom-black-color has-custom-white-background-color has-text-color has-background has-link-color wp-elements-1bb198130e964bce5eaa77e153c8c4b6 is-layout-flow wp-block-group-is-layout-flow\">\n<h2 class=\"wp-block-heading has-xx-large-font-size\">Team<\/h2>\n\n\n\n<p>Pavol Jozef \u0160af\u00e1rik University in Ko\u0161ice<\/p>\n\n\n\n<div style=\"height:var(--wp--preset--spacing--30)\" aria-hidden=\"true\" class=\"wp-block-spacer\"><\/div>\n\n\n\n<div class=\"wp-block-group has-custom-black-color has-custom-white-background-color has-text-color has-background has-link-color wp-elements-69fea57f7c741b146653b7c597497d26 is-vertical is-content-justification-stretch is-nowrap is-layout-flex wp-container-core-group-is-layout-ac28b48c wp-block-group-is-layout-flex\" style=\"border-top-color:var(--wp--preset--color--accent-6);border-top-width:1px;padding-top:var(--wp--preset--spacing--40);padding-bottom:var(--wp--preset--spacing--40)\">\n<div class=\"wp-block-group team has-custom-white-background-color has-background is-layout-grid wp-container-core-group-is-layout-d8c4a1bc wp-block-group-is-layout-grid\">\n<div class=\"wp-block-columns team-member is-layout-flex wp-container-core-columns-is-layout-7255d826 wp-block-columns-is-layout-flex\" style=\"margin-top:var(--wp--preset--spacing--40);margin-bottom:var(--wp--preset--spacing--40)\">\n<div class=\"wp-block-column is-layout-flow wp-block-column-is-layout-flow\" style=\"flex-basis:33.33%\">\n<figure class=\"wp-block-image size-full is-style-rounded wp-container-content-9d2aa341\"><img loading=\"lazy\" decoding=\"async\" width=\"1815\" height=\"2502\" src=\"https:\/\/altaml.upjs.sk\/wp-content\/uploads\/sites\/29\/2025\/03\/PeterGursky.jpg\" alt=\"\" class=\"wp-image-381\" style=\"aspect-ratio:1;object-fit:cover\" srcset=\"https:\/\/altaml.upjs.sk\/wp-content\/uploads\/sites\/29\/2025\/03\/PeterGursky.jpg 1815w, https:\/\/altaml.upjs.sk\/wp-content\/uploads\/sites\/29\/2025\/03\/PeterGursky-218x300.jpg 218w, https:\/\/altaml.upjs.sk\/wp-content\/uploads\/sites\/29\/2025\/03\/PeterGursky-743x1024.jpg 743w, https:\/\/altaml.upjs.sk\/wp-content\/uploads\/sites\/29\/2025\/03\/PeterGursky-768x1059.jpg 768w, https:\/\/altaml.upjs.sk\/wp-content\/uploads\/sites\/29\/2025\/03\/PeterGursky-1114x1536.jpg 1114w, https:\/\/altaml.upjs.sk\/wp-content\/uploads\/sites\/29\/2025\/03\/PeterGursky-1486x2048.jpg 1486w\" sizes=\"auto, (max-width: 1815px) 100vw, 1815px\" \/><\/figure>\n<\/div>\n\n\n\n<div class=\"wp-block-column is-layout-flow wp-container-core-column-is-layout-f5bb311e wp-block-column-is-layout-flow\" style=\"flex-basis:66.66%\">\n<div class=\"wp-block-group has-custom-black-color has-custom-white-background-color has-text-color has-background has-link-color wp-elements-6479ae7976e33d34a6cc89aa627389d5 is-vertical is-content-justification-stretch is-layout-flex wp-container-core-group-is-layout-69c550ab wp-block-group-is-layout-flex\">\n<h4 class=\"wp-block-heading has-x-large-font-size\"><a href=\"#\">RNDr. Peter Gursk\u00fd, PhD.<\/a><\/h4>\n\n\n\n<p class=\"has-custom-black-color has-text-color has-link-color has-small-font-size wp-elements-a86e6e38326fbf451ce1f942ef847ec3\">scientific researcher<\/p>\n\n\n\n<p class=\"has-custom-black-color has-text-color has-link-color wp-elements-0080f068a31b97fcc5c776956cd2da03\">Research areas of Peter Gursk\u00fd are information extraction from semi-structured and unstructured documents, knowledge representations, and the usage of artificial intelligence methods in text processing. Since 2022, he has been primarily dedicated to the analysis of documents in the field of law, primarily court decisions and legal regulations.<\/p>\n<\/div>\n\n\n\n<div class=\"wp-block-group has-custom-black-color has-custom-white-background-color has-text-color has-background has-link-color wp-elements-4ef2f75274aeb905eca2cd7f17bb7876 is-nowrap is-layout-flex wp-container-core-group-is-layout-fc054d2d wp-block-group-is-layout-flex\">\n<p class=\"has-medium-font-size\"><a href=\"https:\/\/www.upjs.sk\/PF\/zamestnanec\/peter.gursky\/\">Contact<\/a><\/p>\n\n\n\n<p class=\"has-medium-font-size\"><a href=\"https:\/\/orcid.org\/0000-0002-4744-7390\">ORCID<\/a><\/p>\n<\/div>\n<\/div>\n<\/div>\n\n\n\n<div class=\"wp-block-columns team-member is-layout-flex wp-container-core-columns-is-layout-7255d826 wp-block-columns-is-layout-flex\" style=\"margin-top:var(--wp--preset--spacing--40);margin-bottom:var(--wp--preset--spacing--40)\">\n<div class=\"wp-block-column is-layout-flow wp-block-column-is-layout-flow\" style=\"flex-basis:33.33%\">\n<figure class=\"wp-block-image size-full is-style-rounded wp-container-content-9d2aa341\"><img loading=\"lazy\" decoding=\"async\" width=\"214\" height=\"286\" src=\"https:\/\/altaml.upjs.sk\/wp-content\/uploads\/sites\/29\/2025\/03\/StanislavKrajci.jpg\" alt=\"\" class=\"wp-image-382\" style=\"aspect-ratio:1;object-fit:cover\" \/><\/figure>\n<\/div>\n\n\n\n<div class=\"wp-block-column is-layout-flow wp-container-core-column-is-layout-f5bb311e wp-block-column-is-layout-flow\" style=\"flex-basis:66.66%\">\n<div class=\"wp-block-group has-custom-black-color has-custom-white-background-color has-text-color has-background has-link-color wp-elements-5365b849b90f82813af2a2f38c6fe4d6 is-vertical is-content-justification-stretch is-layout-flex wp-container-core-group-is-layout-69c550ab wp-block-group-is-layout-flex\">\n<h4 class=\"wp-block-heading has-x-large-font-size\"><a href=\"#\">prof. RNDr. Stanislav Kraj\u010di, PhD.<\/a><\/h4>\n\n\n\n<p class=\"has-custom-black-color has-text-color has-link-color has-small-font-size wp-elements-a86e6e38326fbf451ce1f942ef847ec3\">scientific researcher<\/p>\n\n\n\n<p class=\"has-custom-black-color has-text-color has-link-color wp-elements-3c55a852dafaa8a2aa5f468c5725da0f\">Stanislav Kraj\u010di is the main author of the database of forms of Slovak words Tvaroslovn\u00edk.<\/p>\n<\/div>\n\n\n\n<div class=\"wp-block-group has-custom-black-color has-custom-white-background-color has-text-color has-background has-link-color wp-elements-b68c0b8bb6e8d99401226f32cfdea8a1 is-nowrap is-layout-flex wp-container-core-group-is-layout-fc054d2d wp-block-group-is-layout-flex\">\n<p class=\"has-medium-font-size\"><a href=\"https:\/\/www.upjs.sk\/PF\/zamestnanec\/stanislav.krajci\/\">Contact<\/a><\/p>\n\n\n\n<p class=\"has-medium-font-size\"><a href=\"https:\/\/orcid.org\/0000-0001-5612-3534\">ORCID<\/a><\/p>\n<\/div>\n<\/div>\n<\/div>\n\n\n\n<div class=\"wp-block-columns team-member is-layout-flex wp-container-core-columns-is-layout-7255d826 wp-block-columns-is-layout-flex\" style=\"margin-top:var(--wp--preset--spacing--40);margin-bottom:var(--wp--preset--spacing--40)\">\n<div class=\"wp-block-column is-layout-flow wp-block-column-is-layout-flow\" style=\"flex-basis:33.33%\">\n<figure class=\"wp-block-image size-full is-style-rounded wp-container-content-9d2aa341\"><img loading=\"lazy\" decoding=\"async\" width=\"236\" height=\"354\" src=\"https:\/\/altaml.upjs.sk\/wp-content\/uploads\/sites\/29\/2025\/03\/LubomirAntoni.png\" alt=\"\" class=\"wp-image-383\" style=\"aspect-ratio:1;object-fit:cover\" srcset=\"https:\/\/altaml.upjs.sk\/wp-content\/uploads\/sites\/29\/2025\/03\/LubomirAntoni.png 236w, https:\/\/altaml.upjs.sk\/wp-content\/uploads\/sites\/29\/2025\/03\/LubomirAntoni-200x300.png 200w\" sizes=\"auto, (max-width: 236px) 100vw, 236px\" \/><\/figure>\n<\/div>\n\n\n\n<div class=\"wp-block-column is-layout-flow wp-container-core-column-is-layout-f5bb311e wp-block-column-is-layout-flow\" style=\"flex-basis:66.66%\">\n<div class=\"wp-block-group has-custom-black-color has-custom-white-background-color has-text-color has-background has-link-color wp-elements-461711721d922363068b5430b0d22d61 is-vertical is-content-justification-stretch is-layout-flex wp-container-core-group-is-layout-69c550ab wp-block-group-is-layout-flex\">\n<h4 class=\"wp-block-heading has-x-large-font-size\"><a href=\"#\">doc. RNDr. \u013dubom\u00edr Antoni, PhD.<\/a><\/h4>\n\n\n\n<p class=\"has-custom-black-color has-text-color has-link-color has-small-font-size wp-elements-a86e6e38326fbf451ce1f942ef847ec3\">scientific researcher<\/p>\n\n\n\n<p class=\"has-custom-black-color has-text-color has-link-color wp-elements-2bbc375364cc4151ffe80f981b332f6f\">\u013dubom\u00edr Antoni aims to propose selected machine learning methods and applications of these methods in solving tasks in the field of analysis of court decisions.<\/p>\n<\/div>\n\n\n\n<div class=\"wp-block-group has-custom-black-color has-custom-white-background-color has-text-color has-background has-link-color wp-elements-a858b6d0b60b152529bd8867d5049e15 is-nowrap is-layout-flex wp-container-core-group-is-layout-fc054d2d wp-block-group-is-layout-flex\">\n<p class=\"has-medium-font-size\"><a href=\"https:\/\/www.upjs.sk\/PF\/zamestnanec\/lubomir.antoni\/\">Contact<\/a><\/p>\n\n\n\n<p class=\"has-medium-font-size\"><a href=\"https:\/\/orcid.org\/0000-0002-7526-8146\">ORCID<\/a><\/p>\n<\/div>\n<\/div>\n<\/div>\n\n\n\n<div class=\"wp-block-columns team-member is-layout-flex wp-container-core-columns-is-layout-7255d826 wp-block-columns-is-layout-flex\" style=\"margin-top:var(--wp--preset--spacing--40);margin-bottom:var(--wp--preset--spacing--40)\">\n<div class=\"wp-block-column is-layout-flow wp-block-column-is-layout-flow\" style=\"flex-basis:33.33%\">\n<figure class=\"wp-block-image size-full is-style-rounded wp-container-content-9d2aa341\"><img loading=\"lazy\" decoding=\"async\" width=\"1260\" height=\"1574\" src=\"https:\/\/altaml.upjs.sk\/wp-content\/uploads\/sites\/29\/2025\/03\/Martina-Janosikova.jpg\" alt=\"\" class=\"wp-image-384\" style=\"aspect-ratio:1;object-fit:cover\" srcset=\"https:\/\/altaml.upjs.sk\/wp-content\/uploads\/sites\/29\/2025\/03\/Martina-Janosikova.jpg 1260w, https:\/\/altaml.upjs.sk\/wp-content\/uploads\/sites\/29\/2025\/03\/Martina-Janosikova-240x300.jpg 240w, https:\/\/altaml.upjs.sk\/wp-content\/uploads\/sites\/29\/2025\/03\/Martina-Janosikova-820x1024.jpg 820w, https:\/\/altaml.upjs.sk\/wp-content\/uploads\/sites\/29\/2025\/03\/Martina-Janosikova-768x959.jpg 768w, https:\/\/altaml.upjs.sk\/wp-content\/uploads\/sites\/29\/2025\/03\/Martina-Janosikova-1230x1536.jpg 1230w\" sizes=\"auto, (max-width: 1260px) 100vw, 1260px\" \/><\/figure>\n<\/div>\n\n\n\n<div class=\"wp-block-column is-layout-flow wp-container-core-column-is-layout-f5bb311e wp-block-column-is-layout-flow\" style=\"flex-basis:66.66%\">\n<div class=\"wp-block-group has-custom-black-color has-custom-white-background-color has-text-color has-background has-link-color wp-elements-0fe0a30a672ae4357cbf89328c6c5f91 is-vertical is-content-justification-stretch is-layout-flex wp-container-core-group-is-layout-69c550ab wp-block-group-is-layout-flex\">\n<h4 class=\"wp-block-heading has-x-large-font-size\"><a href=\"#\">prof. JUDr. Martina J\u00e1no\u0161ikov\u00e1, Ph.D.<\/a><\/h4>\n\n\n\n<p class=\"has-custom-black-color has-text-color has-link-color has-small-font-size wp-elements-a86e6e38326fbf451ce1f942ef847ec3\">scientific researcher<\/p>\n\n\n\n<p class=\"has-custom-black-color has-text-color has-link-color wp-elements-e379be995811d00c5402a1bd67d58566\">Martina J\u00e1no\u0161\u00edkov\u00e1 is a Professor and Director at the Institute of International Law and European Law, Faculty of Law, UPJ\u0160 and in her scientific research activities she focuses on issues of European Union law with an emphasis on researching fundamental rights and analyzing the jurisprudence of the Court of Justice of the European Union.<\/p>\n<\/div>\n\n\n\n<div class=\"wp-block-group has-custom-black-color has-custom-white-background-color has-text-color has-background has-link-color wp-elements-b0293108094311d1268d0670be81367c is-nowrap is-layout-flex wp-container-core-group-is-layout-fc054d2d wp-block-group-is-layout-flex\">\n<p class=\"has-medium-font-size\"><a href=\"https:\/\/www.upjs.sk\/PrF\/zamestnanec\/martina.janosikova\/\">Contact<\/a><\/p>\n\n\n\n<p class=\"has-medium-font-size\"><a href=\"https:\/\/orcid.org\/0000-0002-8166-2895\">ORCID<\/a><\/p>\n<\/div>\n<\/div>\n<\/div>\n\n\n\n<div class=\"wp-block-columns team-member is-layout-flex wp-container-core-columns-is-layout-7255d826 wp-block-columns-is-layout-flex\" style=\"margin-top:var(--wp--preset--spacing--40);margin-bottom:var(--wp--preset--spacing--40)\">\n<div class=\"wp-block-column is-layout-flow wp-block-column-is-layout-flow\" style=\"flex-basis:33.33%\">\n<figure class=\"wp-block-image size-full is-style-rounded wp-container-content-9d2aa341\"><img loading=\"lazy\" decoding=\"async\" width=\"800\" height=\"800\" src=\"https:\/\/altaml.upjs.sk\/wp-content\/uploads\/sites\/29\/2025\/03\/Regina-Huckova.jpg\" alt=\"\" class=\"wp-image-385\" style=\"aspect-ratio:1;object-fit:cover\" srcset=\"https:\/\/altaml.upjs.sk\/wp-content\/uploads\/sites\/29\/2025\/03\/Regina-Huckova.jpg 800w, https:\/\/altaml.upjs.sk\/wp-content\/uploads\/sites\/29\/2025\/03\/Regina-Huckova-300x300.jpg 300w, https:\/\/altaml.upjs.sk\/wp-content\/uploads\/sites\/29\/2025\/03\/Regina-Huckova-150x150.jpg 150w, https:\/\/altaml.upjs.sk\/wp-content\/uploads\/sites\/29\/2025\/03\/Regina-Huckova-768x768.jpg 768w\" sizes=\"auto, (max-width: 800px) 100vw, 800px\" \/><\/figure>\n<\/div>\n\n\n\n<div class=\"wp-block-column is-layout-flow wp-container-core-column-is-layout-f5bb311e wp-block-column-is-layout-flow\" style=\"flex-basis:66.66%\">\n<div class=\"wp-block-group has-custom-black-color has-custom-white-background-color has-text-color has-background has-link-color wp-elements-34beb12affaff61505a6dc7473f7fd97 is-vertical is-content-justification-stretch is-layout-flex wp-container-core-group-is-layout-69c550ab wp-block-group-is-layout-flex\">\n<h4 class=\"wp-block-heading has-x-large-font-size\"><a href=\"#\">doc. JUDr. Regina Hu\u010dkov\u00e1, PhD.<\/a><\/h4>\n\n\n\n<p class=\"has-custom-black-color has-text-color has-link-color has-small-font-size wp-elements-a86e6e38326fbf451ce1f942ef847ec3\">scientific researcher<\/p>\n\n\n\n<p class=\"has-custom-black-color has-text-color has-link-color wp-elements-4612921829b3a47e97395d9658146246\">Regina Hu\u010dkov\u00e1 is an associate professor and Head of the Department of Commercial Law and Business Law, Faculty of Law, UPJ\u0160 and she also works as an arbitrator of the Arbitration Court at SOPK. She is a member of the Supervisory Board of the Institute of State and Law of the Academy of Sciences of the Czech Republic and a member of the Scientific Board of the international scientific conference ECLIC in Osijek, Croatia. She is the solver of several domestic and international projects focused on the transfer of scientific knowledge from the field of artificial intelligence and cyber security into practice and on alternative dispute resolution.<\/p>\n<\/div>\n\n\n\n<div class=\"wp-block-group has-custom-black-color has-custom-white-background-color has-text-color has-background has-link-color wp-elements-9ed5fc1cb0aaad12b02ae07057280e47 is-nowrap is-layout-flex wp-container-core-group-is-layout-fc054d2d wp-block-group-is-layout-flex\">\n<p class=\"has-medium-font-size\"><a href=\"https:\/\/www.upjs.sk\/PrF\/zamestnanec\/regina.huckova\/\">Contact<\/a><\/p>\n\n\n\n<p class=\"has-medium-font-size\"><a href=\"https:\/\/orcid.org\/0000-0003-4731-0770\">ORCID<\/a><\/p>\n<\/div>\n<\/div>\n<\/div>\n\n\n\n<div class=\"wp-block-columns team-member is-layout-flex wp-container-core-columns-is-layout-7255d826 wp-block-columns-is-layout-flex\" style=\"margin-top:var(--wp--preset--spacing--40);margin-bottom:var(--wp--preset--spacing--40)\">\n<div class=\"wp-block-column is-layout-flow wp-block-column-is-layout-flow\" style=\"flex-basis:33.33%\">\n<figure class=\"wp-block-image size-full is-style-rounded wp-container-content-9d2aa341\"><img loading=\"lazy\" decoding=\"async\" width=\"3474\" height=\"3474\" src=\"https:\/\/altaml.upjs.sk\/wp-content\/uploads\/sites\/29\/2025\/03\/Diana-Trescakova.png\" alt=\"\" class=\"wp-image-386\" style=\"aspect-ratio:1;object-fit:cover\" srcset=\"https:\/\/altaml.upjs.sk\/wp-content\/uploads\/sites\/29\/2025\/03\/Diana-Trescakova.png 3474w, https:\/\/altaml.upjs.sk\/wp-content\/uploads\/sites\/29\/2025\/03\/Diana-Trescakova-300x300.png 300w, https:\/\/altaml.upjs.sk\/wp-content\/uploads\/sites\/29\/2025\/03\/Diana-Trescakova-1024x1024.png 1024w, https:\/\/altaml.upjs.sk\/wp-content\/uploads\/sites\/29\/2025\/03\/Diana-Trescakova-150x150.png 150w, https:\/\/altaml.upjs.sk\/wp-content\/uploads\/sites\/29\/2025\/03\/Diana-Trescakova-768x768.png 768w, https:\/\/altaml.upjs.sk\/wp-content\/uploads\/sites\/29\/2025\/03\/Diana-Trescakova-1536x1536.png 1536w, https:\/\/altaml.upjs.sk\/wp-content\/uploads\/sites\/29\/2025\/03\/Diana-Trescakova-2048x2048.png 2048w\" sizes=\"auto, (max-width: 3474px) 100vw, 3474px\" \/><\/figure>\n<\/div>\n\n\n\n<div class=\"wp-block-column is-layout-flow wp-container-core-column-is-layout-f5bb311e wp-block-column-is-layout-flow\" style=\"flex-basis:66.66%\">\n<div class=\"wp-block-group has-custom-black-color has-custom-white-background-color has-text-color has-background has-link-color wp-elements-09275fb17eb5042f1594d95480ae531d is-vertical is-content-justification-stretch is-layout-flex wp-container-core-group-is-layout-69c550ab wp-block-group-is-layout-flex\">\n<h4 class=\"wp-block-heading has-x-large-font-size\"><a href=\"#\">doc. JUDr. Diana Tre\u0161\u010d\u00e1kov\u00e1, PhD.<\/a><\/h4>\n\n\n\n<p class=\"has-custom-black-color has-text-color has-link-color has-small-font-size wp-elements-a86e6e38326fbf451ce1f942ef847ec3\">scientific researcher<\/p>\n\n\n\n<p class=\"has-custom-black-color has-text-color has-link-color wp-elements-9615b9c024e46b4985ad3bdd99129670\">Diana Tre\u0161\u010d\u00e1kov\u00e1 is an associate professor at Department of Commercial Law and Business Law, Faculty of Law, UPJ\u0160  and her research specializes in the protection of digital rights and unfair business practices in the digital environment. She has extensive experience in research activities in the mentioned area, while she is researcher in several interdisciplinary projects focused on information and digital technologies.<\/p>\n<\/div>\n\n\n\n<div class=\"wp-block-group has-custom-black-color has-custom-white-background-color has-text-color has-background has-link-color wp-elements-97c194c3b9527439bc5d26eb93717334 is-nowrap is-layout-flex wp-container-core-group-is-layout-fc054d2d wp-block-group-is-layout-flex\">\n<p class=\"has-medium-font-size\"><a href=\"https:\/\/www.upjs.sk\/PrF\/zamestnanec\/diana.trescakova\/\">Contact<\/a><\/p>\n\n\n\n<p class=\"has-medium-font-size\"><a href=\"https:\/\/orcid.org\/0000-0002-3330-1745\">ORCID<\/a><\/p>\n<\/div>\n<\/div>\n<\/div>\n\n\n\n<div class=\"wp-block-columns team-member is-layout-flex wp-container-core-columns-is-layout-7255d826 wp-block-columns-is-layout-flex\" style=\"margin-top:var(--wp--preset--spacing--40);margin-bottom:var(--wp--preset--spacing--40)\">\n<div class=\"wp-block-column is-layout-flow wp-block-column-is-layout-flow\" style=\"flex-basis:33.33%\">\n<figure class=\"wp-block-image size-full is-style-rounded wp-container-content-9d2aa341\"><img loading=\"lazy\" decoding=\"async\" width=\"220\" height=\"220\" src=\"https:\/\/altaml.upjs.sk\/wp-content\/uploads\/sites\/29\/2025\/03\/Simona-Rudohradska.jpg\" alt=\"\" class=\"wp-image-387\" style=\"aspect-ratio:1;object-fit:cover\" srcset=\"https:\/\/altaml.upjs.sk\/wp-content\/uploads\/sites\/29\/2025\/03\/Simona-Rudohradska.jpg 220w, https:\/\/altaml.upjs.sk\/wp-content\/uploads\/sites\/29\/2025\/03\/Simona-Rudohradska-150x150.jpg 150w\" sizes=\"auto, (max-width: 220px) 100vw, 220px\" \/><\/figure>\n<\/div>\n\n\n\n<div class=\"wp-block-column is-layout-flow wp-container-core-column-is-layout-f5bb311e wp-block-column-is-layout-flow\" style=\"flex-basis:66.66%\">\n<div class=\"wp-block-group has-custom-black-color has-custom-white-background-color has-text-color has-background has-link-color wp-elements-988b2ba3fdb5355b5696b1bcac4a19d3 is-vertical is-content-justification-stretch is-layout-flex wp-container-core-group-is-layout-69c550ab wp-block-group-is-layout-flex\">\n<h4 class=\"wp-block-heading has-x-large-font-size\"><a href=\"#\">Mgr. Simona Rudohradsk\u00e1, PhD.<\/a><\/h4>\n\n\n\n<p class=\"has-custom-black-color has-text-color has-link-color has-small-font-size wp-elements-a86e6e38326fbf451ce1f942ef847ec3\">scientific researcher<\/p>\n\n\n\n<p class=\"has-custom-black-color has-text-color has-link-color wp-elements-d28abc873b13921933716557fe25f899\">Simona Rudohradsk\u00e1 is a researcher at KOHP, external teacher at FF UNIPO and strategic advisor of EDIH CASSOVIUM consortium. As part of her research, she focuses primarily on regulation of digital platforms and the operation of digital giants in online relevant markets and anti-competitive practices of online platforms.<\/p>\n<\/div>\n\n\n\n<div class=\"wp-block-group has-custom-black-color has-custom-white-background-color has-text-color has-background has-link-color wp-elements-adb9a8964b8b8e464ae7983a265f850a is-nowrap is-layout-flex wp-container-core-group-is-layout-fc054d2d wp-block-group-is-layout-flex\">\n<p class=\"has-medium-font-size\"><a href=\"https:\/\/www.upjs.sk\/PrF\/zamestnanec\/simona.rudohradska\/\">Contact<\/a><\/p>\n\n\n\n<p class=\"has-medium-font-size\"><a href=\"https:\/\/orcid.org\/0000-0002-6711-2141\">ORCID<\/a><\/p>\n<\/div>\n<\/div>\n<\/div>\n<\/div>\n<\/div>\n<\/div>\n<\/div>","protected":false},"excerpt":{"rendered":"<p>Rie\u0161itelia Univerzita Pavla Jozefa \u0160af\u00e1rika v Ko\u0161iciach RNDr. Peter Gursk\u00fd, PhD. vedecko-v\u00fdskumn\u00fd pracovn\u00edk Peter Gursk\u00fd sa venuje extrakcii inform\u00e1ci\u00ed z polo\u0161trukt\u00farovan\u00fdch a ne\u0161trukt\u00farovan\u00fdch dokumentov, reprezent\u00e1ci\u00ed znalost\u00ed a v\u00fdskumu vyu\u017eitia met\u00f3d umelej inteligencie pri spracovan\u00ed textov. Od roku 2022 sa prim\u00e1rne venuje anal\u00fdze dokumentov v oblasti pr\u00e1va, prim\u00e1rne s\u00fadnych rozhodnut\u00ed a pr\u00e1vnych predpisov. Kontakt ORCID prof. [&hellip;]<\/p>\n","protected":false},"author":35,"featured_media":0,"parent":288,"menu_order":0,"comment_status":"closed","ping_status":"closed","template":"page-no-title","meta":{"footnotes":""},"class_list":["post-347","page","type-page","status-publish","hentry"],"_links":{"self":[{"href":"https:\/\/altaml.upjs.sk\/en\/wp-json\/wp\/v2\/pages\/347","targetHints":{"allow":["GET"]}}],"collection":[{"href":"https:\/\/altaml.upjs.sk\/en\/wp-json\/wp\/v2\/pages"}],"about":[{"href":"https:\/\/altaml.upjs.sk\/en\/wp-json\/wp\/v2\/types\/page"}],"author":[{"embeddable":true,"href":"https:\/\/altaml.upjs.sk\/en\/wp-json\/wp\/v2\/users\/35"}],"replies":[{"embeddable":true,"href":"https:\/\/altaml.upjs.sk\/en\/wp-json\/wp\/v2\/comments?post=347"}],"version-history":[{"count":8,"href":"https:\/\/altaml.upjs.sk\/en\/wp-json\/wp\/v2\/pages\/347\/revisions"}],"predecessor-version":[{"id":537,"href":"https:\/\/altaml.upjs.sk\/en\/wp-json\/wp\/v2\/pages\/347\/revisions\/537"}],"up":[{"embeddable":true,"href":"https:\/\/altaml.upjs.sk\/en\/wp-json\/wp\/v2\/pages\/288"}],"wp:attachment":[{"href":"https:\/\/altaml.upjs.sk\/en\/wp-json\/wp\/v2\/media?parent=347"}],"curies":[{"name":"wp","href":"https:\/\/api.w.org\/{rel}","templated":true}]}}