{"id":288,"date":"2025-03-04T10:59:05","date_gmt":"2025-03-04T09:59:05","guid":{"rendered":"https:\/\/altaml.upjs.sk\/?page_id=288"},"modified":"2025-03-14T14:47:28","modified_gmt":"2025-03-14T13:47:28","slug":"upjs","status":"publish","type":"page","link":"https:\/\/altaml.upjs.sk\/en\/nas-tim\/upjs\/","title":{"rendered":"UPJS"},"content":{"rendered":"<div class=\"wp-block-group alignfull is-style-section-1 has-custom-white-background-color has-background has-global-padding is-layout-constrained wp-container-core-group-is-layout-cdf985e3 wp-block-group-is-layout-constrained is-style-section-1--1\" style=\"min-height:100vh;margin-top:0;margin-bottom:0;padding-top:var(--wp--preset--spacing--80);padding-right:var(--wp--preset--spacing--80);padding-bottom:var(--wp--preset--spacing--80);padding-left:var(--wp--preset--spacing--80)\">\n<div class=\"wp-block-group has-custom-white-background-color has-background is-vertical is-content-justification-center is-layout-flex wp-container-core-group-is-layout-335b1c95 wp-block-group-is-layout-flex\">\n<div class=\"wp-block-group has-custom-white-background-color has-background is-horizontal is-content-justification-center is-nowrap is-layout-flex wp-container-core-group-is-layout-f24223ec wp-block-group-is-layout-flex\">\n<figure class=\"wp-block-image size-full is-resized\"><img loading=\"lazy\" decoding=\"async\" width=\"718\" height=\"718\" src=\"https:\/\/altaml.upjs.sk\/wp-content\/uploads\/sites\/29\/2025\/02\/logoupjscb.jpg\" alt=\"\" class=\"wp-image-141\" style=\"width:250px\" srcset=\"https:\/\/altaml.upjs.sk\/wp-content\/uploads\/sites\/29\/2025\/02\/logoupjscb.jpg 718w, https:\/\/altaml.upjs.sk\/wp-content\/uploads\/sites\/29\/2025\/02\/logoupjscb-300x300.jpg 300w, https:\/\/altaml.upjs.sk\/wp-content\/uploads\/sites\/29\/2025\/02\/logoupjscb-150x150.jpg 150w\" sizes=\"auto, (max-width: 718px) 100vw, 718px\" \/><\/figure>\n<\/div>\n\n\n\n<div class=\"wp-block-group has-custom-white-background-color has-background is-vertical is-layout-flex wp-container-core-group-is-layout-98bb686d wp-block-group-is-layout-flex\">\n<h2 class=\"wp-block-heading has-text-align-left has-custom-primary-color has-text-color has-link-color wp-elements-c752733368e0d649774ce1659e6893e2\"><a href=\"https:\/\/www.flaw.uniba.sk\/en\"><\/a><a href=\"https:\/\/www.upjs.sk\/\">Pavol Jozef \u0160af\u00e1rik University in Ko\u0161ice<\/a><\/h2>\n\n\n\n<ul class=\"wp-block-social-links has-icon-color is-style-logos-only is-layout-flex wp-container-core-social-links-is-layout-15e81e10 wp-block-social-links-is-layout-flex\"><li style=\"color:#b87d39;\" class=\"wp-social-link wp-social-link-facebook has-custom-secondary-color wp-block-social-link\"><a href=\"https:\/\/www.facebook.com\/UniverzitaPavlaJozefaSafarikaVkosiciach\/\" class=\"wp-block-social-link-anchor\"><svg width=\"24\" height=\"24\" viewbox=\"0 0 24 24\" version=\"1.1\" xmlns=\"http:\/\/www.w3.org\/2000\/svg\" aria-hidden=\"true\" focusable=\"false\"><path d=\"M12 2C6.5 2 2 6.5 2 12c0 5 3.7 9.1 8.4 9.9v-7H7.9V12h2.5V9.8c0-2.5 1.5-3.9 3.8-3.9 1.1 0 2.2.2 2.2.2v2.5h-1.3c-1.2 0-1.6.8-1.6 1.6V12h2.8l-.4 2.9h-2.3v7C18.3 21.1 22 17 22 12c0-5.5-4.5-10-10-10z\"><\/path><\/svg><span class=\"wp-block-social-link-label screen-reader-text\">Facebook<\/span><\/a><\/li>\n\n<li style=\"color:#b87d39;\" class=\"wp-social-link wp-social-link-instagram has-custom-secondary-color wp-block-social-link\"><a href=\"https:\/\/www.instagram.com\/upjs_kosice\" class=\"wp-block-social-link-anchor\"><svg width=\"24\" height=\"24\" viewbox=\"0 0 24 24\" version=\"1.1\" xmlns=\"http:\/\/www.w3.org\/2000\/svg\" aria-hidden=\"true\" focusable=\"false\"><path d=\"M12,4.622c2.403,0,2.688,0.009,3.637,0.052c0.877,0.04,1.354,0.187,1.671,0.31c0.42,0.163,0.72,0.358,1.035,0.673 c0.315,0.315,0.51,0.615,0.673,1.035c0.123,0.317,0.27,0.794,0.31,1.671c0.043,0.949,0.052,1.234,0.052,3.637 s-0.009,2.688-0.052,3.637c-0.04,0.877-0.187,1.354-0.31,1.671c-0.163,0.42-0.358,0.72-0.673,1.035 c-0.315,0.315-0.615,0.51-1.035,0.673c-0.317,0.123-0.794,0.27-1.671,0.31c-0.949,0.043-1.233,0.052-3.637,0.052 s-2.688-0.009-3.637-0.052c-0.877-0.04-1.354-0.187-1.671-0.31c-0.42-0.163-0.72-0.358-1.035-0.673 c-0.315-0.315-0.51-0.615-0.673-1.035c-0.123-0.317-0.27-0.794-0.31-1.671C4.631,14.688,4.622,14.403,4.622,12 s0.009-2.688,0.052-3.637c0.04-0.877,0.187-1.354,0.31-1.671c0.163-0.42,0.358-0.72,0.673-1.035 c0.315-0.315,0.615-0.51,1.035-0.673c0.317-0.123,0.794-0.27,1.671-0.31C9.312,4.631,9.597,4.622,12,4.622 M12,3 C9.556,3,9.249,3.01,8.289,3.054C7.331,3.098,6.677,3.25,6.105,3.472C5.513,3.702,5.011,4.01,4.511,4.511 c-0.5,0.5-0.808,1.002-1.038,1.594C3.25,6.677,3.098,7.331,3.054,8.289C3.01,9.249,3,9.556,3,12c0,2.444,0.01,2.751,0.054,3.711 c0.044,0.958,0.196,1.612,0.418,2.185c0.23,0.592,0.538,1.094,1.038,1.594c0.5,0.5,1.002,0.808,1.594,1.038 c0.572,0.222,1.227,0.375,2.185,0.418C9.249,20.99,9.556,21,12,21s2.751-0.01,3.711-0.054c0.958-0.044,1.612-0.196,2.185-0.418 c0.592-0.23,1.094-0.538,1.594-1.038c0.5-0.5,0.808-1.002,1.038-1.594c0.222-0.572,0.375-1.227,0.418-2.185 C20.99,14.751,21,14.444,21,12s-0.01-2.751-0.054-3.711c-0.044-0.958-0.196-1.612-0.418-2.185c-0.23-0.592-0.538-1.094-1.038-1.594 c-0.5-0.5-1.002-0.808-1.594-1.038c-0.572-0.222-1.227-0.375-2.185-0.418C14.751,3.01,14.444,3,12,3L12,3z M12,7.378 c-2.552,0-4.622,2.069-4.622,4.622S9.448,16.622,12,16.622s4.622-2.069,4.622-4.622S14.552,7.378,12,7.378z M12,15 c-1.657,0-3-1.343-3-3s1.343-3,3-3s3,1.343,3,3S13.657,15,12,15z M16.804,6.116c-0.596,0-1.08,0.484-1.08,1.08 s0.484,1.08,1.08,1.08c0.596,0,1.08-0.484,1.08-1.08S17.401,6.116,16.804,6.116z\"><\/path><\/svg><span class=\"wp-block-social-link-label screen-reader-text\">Instagram<\/span><\/a><\/li>\n\n<li style=\"color:#b87d39;\" class=\"wp-social-link wp-social-link-linkedin has-custom-secondary-color wp-block-social-link\"><a href=\"https:\/\/www.linkedin.com\/school\/pavol-jozef-%C5%A1af%C3%A1rik-university-in-ko%C5%A1ice\/\" class=\"wp-block-social-link-anchor\"><svg width=\"24\" height=\"24\" viewbox=\"0 0 24 24\" version=\"1.1\" xmlns=\"http:\/\/www.w3.org\/2000\/svg\" aria-hidden=\"true\" focusable=\"false\"><path d=\"M19.7,3H4.3C3.582,3,3,3.582,3,4.3v15.4C3,20.418,3.582,21,4.3,21h15.4c0.718,0,1.3-0.582,1.3-1.3V4.3 C21,3.582,20.418,3,19.7,3z M8.339,18.338H5.667v-8.59h2.672V18.338z M7.004,8.574c-0.857,0-1.549-0.694-1.549-1.548 c0-0.855,0.691-1.548,1.549-1.548c0.854,0,1.547,0.694,1.547,1.548C8.551,7.881,7.858,8.574,7.004,8.574z M18.339,18.338h-2.669 v-4.177c0-0.996-0.017-2.278-1.387-2.278c-1.389,0-1.601,1.086-1.601,2.206v4.249h-2.667v-8.59h2.559v1.174h0.037 c0.356-0.675,1.227-1.387,2.526-1.387c2.703,0,3.203,1.779,3.203,4.092V18.338z\"><\/path><\/svg><span class=\"wp-block-social-link-label screen-reader-text\">LinkedIn<\/span><\/a><\/li><\/ul>\n<\/div>\n\n\n\n<p class=\"has-custom-black-color has-text-color has-link-color wp-elements-fd000c6faac737b343899e8f76c70adb\">The Pavol Jozef \u0160af\u00e1rik University in Ko\u0161ice (UPJ\u0160) is an internationally renowned research university and one of the most successful scientific research institutions in Slovakia, not only in terms of financial support for scientific research, but also in terms of achievements in the field of creative activity. UPJ\u0160 was founded in 1959 and is the second largest classical Slovak university with five faculties and approximately 7500 students and 650 teachers\/researchers.<\/p>\n\n\n\n<p class=\"has-custom-black-color has-text-color has-link-color wp-elements-73bf0fa6d74dad31f2b7157f480b433d\">The Faculty of Law and the Faculty of Science of UPJ\u0160 are among the most important research institutions that have long-standing research collaborations with a strongly interdisciplinary character - the cooperation established between the faculties is unique and built on many previous research and educational activities. UPJ\u0160 cooperates with judicial institutions in the Slovak Republic (the Constitutional Court of the Slovak Republic, the Supreme Court of the Slovak Republic, the Ministry of Justice of the Slovak Republic), as well as with professional institutions (e.g. the Slovak Bar Association) and educational institutions (the Judicial Academy). The Faculty of Science is represented in the project by the Laboratory of Intelligent Data Analysis (LIDA). This laboratory continuously works on the development of new methods and applications of existing approaches working with structured and unstructured data. It has developed several computational methods in the field of machine learning that allow to work efficiently with such data - to extract, analyse and visualise it.<\/p>\n<\/div>\n<\/div>","protected":false},"excerpt":{"rendered":"<p>Univerzita Pavla Jozefa \u0160af\u00e1rika v Ko\u0161iciach Univerzita Pavla Jozefa \u0160af\u00e1rika v Ko\u0161iciach (UPJ\u0160) je medzin\u00e1rodne uzn\u00e1vanou v\u00fdskumnou univerzitou a jednou z naj\u00faspe\u0161nej\u0161\u00edch vedeckov\u00fdskumn\u00fdch in\u0161tit\u00faci\u00ed na Slovensku, a to nielen z h\u013eadiska finan\u010dnej podpory vedeck\u00e9ho v\u00fdskumu, ale aj z h\u013eadiska dosiahnut\u00fdch v\u00fdsledkov v oblasti tvorivej \u010dinnosti. UPJ\u0160 bola zalo\u017een\u00e1 v roku 1959 a je druhou najv\u00e4\u010d\u0161ou [&hellip;]<\/p>\n","protected":false},"author":35,"featured_media":0,"parent":12,"menu_order":0,"comment_status":"closed","ping_status":"closed","template":"page-no-title","meta":{"footnotes":""},"class_list":["post-288","page","type-page","status-publish","hentry"],"_links":{"self":[{"href":"https:\/\/altaml.upjs.sk\/en\/wp-json\/wp\/v2\/pages\/288","targetHints":{"allow":["GET"]}}],"collection":[{"href":"https:\/\/altaml.upjs.sk\/en\/wp-json\/wp\/v2\/pages"}],"about":[{"href":"https:\/\/altaml.upjs.sk\/en\/wp-json\/wp\/v2\/types\/page"}],"author":[{"embeddable":true,"href":"https:\/\/altaml.upjs.sk\/en\/wp-json\/wp\/v2\/users\/35"}],"replies":[{"embeddable":true,"href":"https:\/\/altaml.upjs.sk\/en\/wp-json\/wp\/v2\/comments?post=288"}],"version-history":[{"count":14,"href":"https:\/\/altaml.upjs.sk\/en\/wp-json\/wp\/v2\/pages\/288\/revisions"}],"predecessor-version":[{"id":527,"href":"https:\/\/altaml.upjs.sk\/en\/wp-json\/wp\/v2\/pages\/288\/revisions\/527"}],"up":[{"embeddable":true,"href":"https:\/\/altaml.upjs.sk\/en\/wp-json\/wp\/v2\/pages\/12"}],"wp:attachment":[{"href":"https:\/\/altaml.upjs.sk\/en\/wp-json\/wp\/v2\/media?parent=288"}],"curies":[{"name":"wp","href":"https:\/\/api.w.org\/{rel}","templated":true}]}}