{"id":276,"date":"2025-03-04T10:41:47","date_gmt":"2025-03-04T09:41:47","guid":{"rendered":"https:\/\/altaml.upjs.sk\/?page_id=276"},"modified":"2025-03-04T13:22:00","modified_gmt":"2025-03-04T12:22:00","slug":"uk","status":"publish","type":"page","link":"https:\/\/altaml.upjs.sk\/en\/nas-tim\/uk\/","title":{"rendered":"UK"},"content":{"rendered":"<div class=\"wp-block-group alignfull is-style-section-1 has-custom-white-background-color has-background has-global-padding is-layout-constrained wp-container-core-group-is-layout-fc3172a5 wp-block-group-is-layout-constrained is-style-section-1--1\" style=\"min-height:100vh;margin-top:0;margin-bottom:0;padding-top:var(--wp--preset--spacing--40);padding-right:var(--wp--preset--spacing--40);padding-bottom:var(--wp--preset--spacing--40);padding-left:var(--wp--preset--spacing--40)\">\n<div class=\"wp-block-group has-custom-black-color has-custom-white-background-color has-text-color has-background has-link-color wp-elements-4cf0c87861b5db434d2c23a9b92bde3a is-vertical is-content-justification-stretch is-nowrap is-layout-flex wp-container-core-group-is-layout-3134cc6b wp-block-group-is-layout-flex\">\n<figure class=\"wp-block-image aligncenter size-full is-style-default\"><img loading=\"lazy\" decoding=\"async\" width=\"2363\" height=\"1182\" src=\"https:\/\/altaml.upjs.sk\/wp-content\/uploads\/sites\/29\/2025\/02\/UK_Logo_s_textom_BP_horizontal.png\" alt=\"\" class=\"wp-image-144\" style=\"object-fit:cover\" srcset=\"https:\/\/altaml.upjs.sk\/wp-content\/uploads\/sites\/29\/2025\/02\/UK_Logo_s_textom_BP_horizontal.png 2363w, https:\/\/altaml.upjs.sk\/wp-content\/uploads\/sites\/29\/2025\/02\/UK_Logo_s_textom_BP_horizontal-300x150.png 300w, https:\/\/altaml.upjs.sk\/wp-content\/uploads\/sites\/29\/2025\/02\/UK_Logo_s_textom_BP_horizontal-1024x512.png 1024w, https:\/\/altaml.upjs.sk\/wp-content\/uploads\/sites\/29\/2025\/02\/UK_Logo_s_textom_BP_horizontal-768x384.png 768w, https:\/\/altaml.upjs.sk\/wp-content\/uploads\/sites\/29\/2025\/02\/UK_Logo_s_textom_BP_horizontal-1536x768.png 1536w, https:\/\/altaml.upjs.sk\/wp-content\/uploads\/sites\/29\/2025\/02\/UK_Logo_s_textom_BP_horizontal-2048x1024.png 2048w\" sizes=\"auto, (max-width: 2363px) 100vw, 2363px\" \/><\/figure>\n\n\n\n<h2 class=\"wp-block-heading has-text-align-left has-custom-primary-color has-text-color has-link-color wp-elements-6664d1dc03969852bb0a37bfaa8acf14\"><a href=\"https:\/\/www.flaw.uniba.sk\/en\">Comenius University in Bratislava<\/a><\/h2>\n\n\n\n<ul class=\"wp-block-social-links has-icon-color is-style-logos-only is-layout-flex wp-container-core-social-links-is-layout-15e81e10 wp-block-social-links-is-layout-flex\"><li style=\"color:#b87d39;\" class=\"wp-social-link wp-social-link-facebook has-custom-secondary-color wp-block-social-link\"><a href=\"https:\/\/www.facebook.com\/flaw.uniba\/?locale=sk_SK\" class=\"wp-block-social-link-anchor\"><svg width=\"24\" height=\"24\" viewbox=\"0 0 24 24\" version=\"1.1\" xmlns=\"http:\/\/www.w3.org\/2000\/svg\" aria-hidden=\"true\" focusable=\"false\"><path d=\"M12 2C6.5 2 2 6.5 2 12c0 5 3.7 9.1 8.4 9.9v-7H7.9V12h2.5V9.8c0-2.5 1.5-3.9 3.8-3.9 1.1 0 2.2.2 2.2.2v2.5h-1.3c-1.2 0-1.6.8-1.6 1.6V12h2.8l-.4 2.9h-2.3v7C18.3 21.1 22 17 22 12c0-5.5-4.5-10-10-10z\"><\/path><\/svg><span class=\"wp-block-social-link-label screen-reader-text\">Facebook<\/span><\/a><\/li>\n\n<li style=\"color:#b87d39;\" class=\"wp-social-link wp-social-link-instagram has-custom-secondary-color wp-block-social-link\"><a href=\"https:\/\/www.instagram.com\/praf_uk\/\" class=\"wp-block-social-link-anchor\"><svg width=\"24\" height=\"24\" viewbox=\"0 0 24 24\" version=\"1.1\" xmlns=\"http:\/\/www.w3.org\/2000\/svg\" aria-hidden=\"true\" focusable=\"false\"><path d=\"M12,4.622c2.403,0,2.688,0.009,3.637,0.052c0.877,0.04,1.354,0.187,1.671,0.31c0.42,0.163,0.72,0.358,1.035,0.673 c0.315,0.315,0.51,0.615,0.673,1.035c0.123,0.317,0.27,0.794,0.31,1.671c0.043,0.949,0.052,1.234,0.052,3.637 s-0.009,2.688-0.052,3.637c-0.04,0.877-0.187,1.354-0.31,1.671c-0.163,0.42-0.358,0.72-0.673,1.035 c-0.315,0.315-0.615,0.51-1.035,0.673c-0.317,0.123-0.794,0.27-1.671,0.31c-0.949,0.043-1.233,0.052-3.637,0.052 s-2.688-0.009-3.637-0.052c-0.877-0.04-1.354-0.187-1.671-0.31c-0.42-0.163-0.72-0.358-1.035-0.673 c-0.315-0.315-0.51-0.615-0.673-1.035c-0.123-0.317-0.27-0.794-0.31-1.671C4.631,14.688,4.622,14.403,4.622,12 s0.009-2.688,0.052-3.637c0.04-0.877,0.187-1.354,0.31-1.671c0.163-0.42,0.358-0.72,0.673-1.035 c0.315-0.315,0.615-0.51,1.035-0.673c0.317-0.123,0.794-0.27,1.671-0.31C9.312,4.631,9.597,4.622,12,4.622 M12,3 C9.556,3,9.249,3.01,8.289,3.054C7.331,3.098,6.677,3.25,6.105,3.472C5.513,3.702,5.011,4.01,4.511,4.511 c-0.5,0.5-0.808,1.002-1.038,1.594C3.25,6.677,3.098,7.331,3.054,8.289C3.01,9.249,3,9.556,3,12c0,2.444,0.01,2.751,0.054,3.711 c0.044,0.958,0.196,1.612,0.418,2.185c0.23,0.592,0.538,1.094,1.038,1.594c0.5,0.5,1.002,0.808,1.594,1.038 c0.572,0.222,1.227,0.375,2.185,0.418C9.249,20.99,9.556,21,12,21s2.751-0.01,3.711-0.054c0.958-0.044,1.612-0.196,2.185-0.418 c0.592-0.23,1.094-0.538,1.594-1.038c0.5-0.5,0.808-1.002,1.038-1.594c0.222-0.572,0.375-1.227,0.418-2.185 C20.99,14.751,21,14.444,21,12s-0.01-2.751-0.054-3.711c-0.044-0.958-0.196-1.612-0.418-2.185c-0.23-0.592-0.538-1.094-1.038-1.594 c-0.5-0.5-1.002-0.808-1.594-1.038c-0.572-0.222-1.227-0.375-2.185-0.418C14.751,3.01,14.444,3,12,3L12,3z M12,7.378 c-2.552,0-4.622,2.069-4.622,4.622S9.448,16.622,12,16.622s4.622-2.069,4.622-4.622S14.552,7.378,12,7.378z M12,15 c-1.657,0-3-1.343-3-3s1.343-3,3-3s3,1.343,3,3S13.657,15,12,15z M16.804,6.116c-0.596,0-1.08,0.484-1.08,1.08 s0.484,1.08,1.08,1.08c0.596,0,1.08-0.484,1.08-1.08S17.401,6.116,16.804,6.116z\"><\/path><\/svg><span class=\"wp-block-social-link-label screen-reader-text\">Instagram<\/span><\/a><\/li>\n\n<li style=\"color:#b87d39;\" class=\"wp-social-link wp-social-link-linkedin has-custom-secondary-color wp-block-social-link\"><a href=\"https:\/\/www.linkedin.com\/company\/flaw-uniba\/posts\/?feedView=all\" class=\"wp-block-social-link-anchor\"><svg width=\"24\" height=\"24\" viewbox=\"0 0 24 24\" version=\"1.1\" xmlns=\"http:\/\/www.w3.org\/2000\/svg\" aria-hidden=\"true\" focusable=\"false\"><path d=\"M19.7,3H4.3C3.582,3,3,3.582,3,4.3v15.4C3,20.418,3.582,21,4.3,21h15.4c0.718,0,1.3-0.582,1.3-1.3V4.3 C21,3.582,20.418,3,19.7,3z M8.339,18.338H5.667v-8.59h2.672V18.338z M7.004,8.574c-0.857,0-1.549-0.694-1.549-1.548 c0-0.855,0.691-1.548,1.549-1.548c0.854,0,1.547,0.694,1.547,1.548C8.551,7.881,7.858,8.574,7.004,8.574z M18.339,18.338h-2.669 v-4.177c0-0.996-0.017-2.278-1.387-2.278c-1.389,0-1.601,1.086-1.601,2.206v4.249h-2.667v-8.59h2.559v1.174h0.037 c0.356-0.675,1.227-1.387,2.526-1.387c2.703,0,3.203,1.779,3.203,4.092V18.338z\"><\/path><\/svg><span class=\"wp-block-social-link-label screen-reader-text\">LinkedIn<\/span><\/a><\/li><\/ul>\n\n\n\n<p>Comenius University Bratislava (UK) is Slovakia's largest and oldest university, comprising 13 faculties. Founded in 1919, it has provided high-quality education and remains one of Slovakia\u2019s most active institutions in scientific and educational innovation. This is reflected in numerous national and international projects, including participation in the Rotterdam Law Network, The Basis of Austrian Law, the British Law Centre Diploma, the European Master\u2019s Degree in Human Rights and Democratisation (E.MA), and various Jean Monnet programs. The Faculty of Law has a strong research tradition, particularly in emerging areas of law. It is a leader in studying the legal aspects of automated vehicles, including liability, data protection, and regulatory challenges. The faculty also contributes to shaping AI legislation, exploring issues like algorithmic accountability and the impact of AI on fundamental rights, alongside research on cybersecurity law, addressing digital sovereignty and cybercrime prevention. These research activities are supported by collaborations with international institutions and participation in global research networks. Thanks to its long-standing research and educational efforts, the UK is one of Slovakia\u2019s most respected universities, maintaining active partnerships with leading universities worldwide.<\/p>\n<\/div>\n<\/div>","protected":false},"excerpt":{"rendered":"<p>Univerzita Komensk\u00e9ho v Bratislave Univerzita Komensk\u00e9ho Bratislava (UK) je najv\u00e4\u010d\u0161ia a najstar\u0161ia univerzita na Slovensku s 13 fakultami. Bola zalo\u017een\u00e1 v roku 1919, poskytuje kvalitn\u00e9 vzdelanie a zost\u00e1va jednou z najakt\u00edvnej\u0161\u00edch in\u0161tit\u00faci\u00ed na Slovensku v oblasti vedeck\u00fdch a vzdel\u00e1vac\u00edch inov\u00e1ci\u00ed. Odr\u00e1\u017ea sa to v mnoh\u00fdch n\u00e1rodn\u00fdch a medzin\u00e1rodn\u00fdch projektoch vr\u00e1tane \u00fa\u010dasti v Rotterdamskej pr\u00e1vnickej sieti, [&hellip;]<\/p>\n","protected":false},"author":35,"featured_media":0,"parent":12,"menu_order":0,"comment_status":"closed","ping_status":"closed","template":"page-no-title","meta":{"footnotes":""},"class_list":["post-276","page","type-page","status-publish","hentry"],"_links":{"self":[{"href":"https:\/\/altaml.upjs.sk\/en\/wp-json\/wp\/v2\/pages\/276","targetHints":{"allow":["GET"]}}],"collection":[{"href":"https:\/\/altaml.upjs.sk\/en\/wp-json\/wp\/v2\/pages"}],"about":[{"href":"https:\/\/altaml.upjs.sk\/en\/wp-json\/wp\/v2\/types\/page"}],"author":[{"embeddable":true,"href":"https:\/\/altaml.upjs.sk\/en\/wp-json\/wp\/v2\/users\/35"}],"replies":[{"embeddable":true,"href":"https:\/\/altaml.upjs.sk\/en\/wp-json\/wp\/v2\/comments?post=276"}],"version-history":[{"count":14,"href":"https:\/\/altaml.upjs.sk\/en\/wp-json\/wp\/v2\/pages\/276\/revisions"}],"predecessor-version":[{"id":305,"href":"https:\/\/altaml.upjs.sk\/en\/wp-json\/wp\/v2\/pages\/276\/revisions\/305"}],"up":[{"embeddable":true,"href":"https:\/\/altaml.upjs.sk\/en\/wp-json\/wp\/v2\/pages\/12"}],"wp:attachment":[{"href":"https:\/\/altaml.upjs.sk\/en\/wp-json\/wp\/v2\/media?parent=276"}],"curies":[{"name":"wp","href":"https:\/\/api.w.org\/{rel}","templated":true}]}}