{"id":203,"date":"2025-02-28T09:11:07","date_gmt":"2025-02-28T08:11:07","guid":{"rendered":"https:\/\/altaml.upjs.sk\/?page_id=203"},"modified":"2025-02-28T12:51:50","modified_gmt":"2025-02-28T11:51:50","slug":"identifikacia","status":"publish","type":"page","link":"https:\/\/altaml.upjs.sk\/en\/o-projekte\/identifikacia\/","title":{"rendered":"Identifying relationships, deviations and groups of legal text"},"content":{"rendered":"<p>The larger the number of attributes and legal documents to be analyzed, the more difficult it is for a human to identify interesting relationships between the distinguished attributes and documents that are specific or in some way different from other legal documents. The research team aims to create a recommendation tool that will help to reveal relationships between legal sources and select documents worthy of further legal analysis. This may lead to the identification of so-called outliers, i.e. legal documents (e.g. court decisions) that deviate from established decision-making practice, or enable the discovery and verification of legal hypotheses reflecting internal relationships between legal documents. Case studies focusing on selected legal problems (in the field of personal data protection and criminal law) will be prepared for the purpose of verification.<\/p>","protected":false},"excerpt":{"rendered":"<p>\u010c\u00edm v\u00e4\u010d\u0161\u00ed po\u010det atrib\u00fatov a pr\u00e1vnych dokumentov sa m\u00e1 analyzova\u0165, t\u00fdm \u0165a\u017e\u0161ie je pre \u010dloveka identifikova\u0165 zauj\u00edmav\u00e9 vz\u0165ahy medzi rozli\u0161ovan\u00fdmi atrib\u00fatmi a dokumentmi, ktor\u00e9 s\u00fa \u0161pecifick\u00e9 alebo sa nejak\u00fdm sp\u00f4sobom odli\u0161uj\u00fa od in\u00fdch pr\u00e1vnych dokumentov. Cie\u013eom v\u00fdskumn\u00e9ho t\u00edmu je vytvori\u0165 odpor\u00fa\u010dac\u00ed n\u00e1stroj, ktor\u00fd pom\u00f4\u017ee odhali\u0165 vz\u0165ahy medzi pr\u00e1vnymi zdrojmi a vytipova\u0165 dokumenty hodn\u00e9 \u010fal\u0161ej pr\u00e1vnej [&hellip;]<\/p>\n","protected":false},"author":35,"featured_media":194,"parent":8,"menu_order":0,"comment_status":"closed","ping_status":"closed","template":"","meta":{"footnotes":""},"class_list":["post-203","page","type-page","status-publish","has-post-thumbnail","hentry"],"_links":{"self":[{"href":"https:\/\/altaml.upjs.sk\/en\/wp-json\/wp\/v2\/pages\/203","targetHints":{"allow":["GET"]}}],"collection":[{"href":"https:\/\/altaml.upjs.sk\/en\/wp-json\/wp\/v2\/pages"}],"about":[{"href":"https:\/\/altaml.upjs.sk\/en\/wp-json\/wp\/v2\/types\/page"}],"author":[{"embeddable":true,"href":"https:\/\/altaml.upjs.sk\/en\/wp-json\/wp\/v2\/users\/35"}],"replies":[{"embeddable":true,"href":"https:\/\/altaml.upjs.sk\/en\/wp-json\/wp\/v2\/comments?post=203"}],"version-history":[{"count":2,"href":"https:\/\/altaml.upjs.sk\/en\/wp-json\/wp\/v2\/pages\/203\/revisions"}],"predecessor-version":[{"id":261,"href":"https:\/\/altaml.upjs.sk\/en\/wp-json\/wp\/v2\/pages\/203\/revisions\/261"}],"up":[{"embeddable":true,"href":"https:\/\/altaml.upjs.sk\/en\/wp-json\/wp\/v2\/pages\/8"}],"wp:featuredmedia":[{"embeddable":true,"href":"https:\/\/altaml.upjs.sk\/en\/wp-json\/wp\/v2\/media\/194"}],"wp:attachment":[{"href":"https:\/\/altaml.upjs.sk\/en\/wp-json\/wp\/v2\/media?parent=203"}],"curies":[{"name":"wp","href":"https:\/\/api.w.org\/{rel}","templated":true}]}}