{"id":201,"date":"2025-02-28T09:10:51","date_gmt":"2025-02-28T08:10:51","guid":{"rendered":"https:\/\/altaml.upjs.sk\/?page_id=201"},"modified":"2025-02-28T12:51:08","modified_gmt":"2025-02-28T11:51:08","slug":"vyhladavanie","status":"publish","type":"page","link":"https:\/\/altaml.upjs.sk\/en\/o-projekte\/vyhladavanie\/","title":{"rendered":"Representation of data obtained from a legal text and proposal of a suitable search method"},"content":{"rendered":"<p>Dostupn\u00e9 pr\u00e1vne zdroje, ktor\u00e9 sa maj\u00fa spracova\u0165 zah\u0155\u0148aj\u00fa dokumenty v sloven\u010dine, angli\u010dtine a franc\u00faz\u0161tine, pri\u010dom r\u00f4zne met\u00f3dy extrakcie atrib\u00fatov s\u00fa vhodn\u00e9 pre r\u00f4zne typy dokumentov. V\u00fdskumn\u00fd t\u00edm pl\u00e1nuje vytvori\u0165 s\u00e9mantick\u00fd model (RDF, OWL) na jednotn\u00fa reprezent\u00e1ciu objektov, atrib\u00fatov a vz\u0165ahov v podobe s\u00e9mantick\u00e9ho grafu. Hoci S\u00fadny dvor E\u00da u\u017e tak\u00fa reprezent\u00e1ciu implementoval, na Slovensku zatia\u013e neexistuje. Nev\u00fdhodou tohto pr\u00edstupu je pomal\u00e9 vyh\u013ead\u00e1vanie, preto t\u00edm presk\u00fama alternat\u00edvne formy ukladania, ktor\u00e9 minimalizuj\u00fa t\u00fato nev\u00fdhodu pomocou RDMS, NoSQL datab\u00e1z a fulltextov\u00e9ho stroja. Cie\u013eom je dotazovac\u00ed syst\u00e9m, ktor\u00fd by umo\u017e\u0148oval roz\u0161\u00edren\u00e9 vyh\u013ead\u00e1vanie v s\u00fabore pr\u00e1vnych dokumentov pomocou extrahovan\u00fdch atrib\u00fatov a kombin\u00e1cie fulltextov\u00e9ho vyh\u013ead\u00e1vania alebo vyh\u013ead\u00e1vania pomocou v\u0161eobecn\u00fdch v\u00fdrazov. V\u00fdsledkom tohto vyh\u013ead\u00e1vania by bol s\u00fabor pr\u00e1vnych dokumentov spolu s atrib\u00fatmi, ktor\u00e9 sa z nich extrahuj\u00fa.<\/p>","protected":false},"excerpt":{"rendered":"<p>Dostupn\u00e9 pr\u00e1vne zdroje, ktor\u00e9 sa maj\u00fa spracova\u0165 zah\u0155\u0148aj\u00fa dokumenty v sloven\u010dine, angli\u010dtine a franc\u00faz\u0161tine, pri\u010dom r\u00f4zne met\u00f3dy extrakcie atrib\u00fatov s\u00fa vhodn\u00e9 pre r\u00f4zne typy dokumentov. V\u00fdskumn\u00fd t\u00edm pl\u00e1nuje vytvori\u0165 s\u00e9mantick\u00fd model (RDF, OWL) na jednotn\u00fa reprezent\u00e1ciu objektov, atrib\u00fatov a vz\u0165ahov v podobe s\u00e9mantick\u00e9ho grafu. Hoci S\u00fadny dvor E\u00da u\u017e tak\u00fa reprezent\u00e1ciu implementoval, na Slovensku zatia\u013e [&hellip;]<\/p>\n","protected":false},"author":35,"featured_media":195,"parent":8,"menu_order":0,"comment_status":"closed","ping_status":"closed","template":"","meta":{"footnotes":""},"class_list":["post-201","page","type-page","status-publish","has-post-thumbnail","hentry"],"_links":{"self":[{"href":"https:\/\/altaml.upjs.sk\/en\/wp-json\/wp\/v2\/pages\/201","targetHints":{"allow":["GET"]}}],"collection":[{"href":"https:\/\/altaml.upjs.sk\/en\/wp-json\/wp\/v2\/pages"}],"about":[{"href":"https:\/\/altaml.upjs.sk\/en\/wp-json\/wp\/v2\/types\/page"}],"author":[{"embeddable":true,"href":"https:\/\/altaml.upjs.sk\/en\/wp-json\/wp\/v2\/users\/35"}],"replies":[{"embeddable":true,"href":"https:\/\/altaml.upjs.sk\/en\/wp-json\/wp\/v2\/comments?post=201"}],"version-history":[{"count":2,"href":"https:\/\/altaml.upjs.sk\/en\/wp-json\/wp\/v2\/pages\/201\/revisions"}],"predecessor-version":[{"id":260,"href":"https:\/\/altaml.upjs.sk\/en\/wp-json\/wp\/v2\/pages\/201\/revisions\/260"}],"up":[{"embeddable":true,"href":"https:\/\/altaml.upjs.sk\/en\/wp-json\/wp\/v2\/pages\/8"}],"wp:featuredmedia":[{"embeddable":true,"href":"https:\/\/altaml.upjs.sk\/en\/wp-json\/wp\/v2\/media\/195"}],"wp:attachment":[{"href":"https:\/\/altaml.upjs.sk\/en\/wp-json\/wp\/v2\/media?parent=201"}],"curies":[{"name":"wp","href":"https:\/\/api.w.org\/{rel}","templated":true}]}}