{"id":199,"date":"2025-02-28T09:10:43","date_gmt":"2025-02-28T08:10:43","guid":{"rendered":"https:\/\/altaml.upjs.sk\/?page_id=199"},"modified":"2025-02-28T12:50:31","modified_gmt":"2025-02-28T11:50:31","slug":"atributy","status":"publish","type":"page","link":"https:\/\/altaml.upjs.sk\/en\/o-projekte\/atributy\/","title":{"rendered":"Extraction of explicit and implicit attributes from legal text"},"content":{"rendered":"<p>Z\u00e1kladnou podmienkou anal\u00fdzy s\u00faboru rozhodnut\u00ed je extrakcia \u0161trukt\u00farovan\u00fdch \u00fadajov z textu (tzv. atrib\u00fatov), ktor\u00e9 s\u00fa predmetom \u010fal\u0161ej anal\u00fdzy. V tejto s\u00favislosti v\u00fdskumn\u00fd t\u00edm ur\u010d\u00ed a otestuje r\u00f4zne met\u00f3dy extrakcie \u010do najv\u00e4\u010d\u0161ieho po\u010dtu atrib\u00fatov. Explicitn\u00e9 atrib\u00faty zah\u0155\u0148aj\u00fa atrib\u00faty, ktor\u00e9 s\u00fa priamo identifikovate\u013en\u00e9 ako s\u00fa\u010das\u0165 textu (odkazy na in\u00e9 pr\u00e1vne zdroje, napr. platn\u00e9 pr\u00e1vne predpisy alebo in\u00e9 s\u00fadne rozhodnutia). Implicitn\u00e9 atrib\u00faty nie s\u00fa priamo vyjadren\u00e9 ako s\u00fa\u010das\u0165 pr\u00e1vneho textu, ale opisuj\u00fa text alebo jeho \u010das\u0165 (napr. k\u013e\u00fa\u010dov\u00e9 slov\u00e1, k\u013e\u00fa\u010dov\u00e9 pr\u00e1vne in\u0161tit\u00faty). Ak\u00e1ko\u013evek forma automatiz\u00e1cie t\u00fdkaj\u00faca sa extrakcie pojmov alebo term\u00ednov v\u00fdrazne ur\u00fdchli alebo priamo nahrad\u00ed ak\u00fako\u013evek extrakciu, ktor\u00fa poskytuje \u013eudsk\u00e1 anal\u00fdza. \u00daspe\u0161nos\u0165 t\u00fdchto met\u00f3d sa over\u00ed porovnan\u00edm ich v\u00fdsledkov s v\u00fdsledkami poskytnut\u00fdmi atrib\u00fatmi extrahovan\u00fdmi \u010dlovekom na z\u00e1klade vybran\u00e9ho po\u010dtu pr\u00e1vnych zdrojov.<\/p>","protected":false},"excerpt":{"rendered":"<p>Z\u00e1kladnou podmienkou anal\u00fdzy s\u00faboru rozhodnut\u00ed je extrakcia \u0161trukt\u00farovan\u00fdch \u00fadajov z textu (tzv. atrib\u00fatov), ktor\u00e9 s\u00fa predmetom \u010fal\u0161ej anal\u00fdzy. V tejto s\u00favislosti v\u00fdskumn\u00fd t\u00edm ur\u010d\u00ed a otestuje r\u00f4zne met\u00f3dy extrakcie \u010do najv\u00e4\u010d\u0161ieho po\u010dtu atrib\u00fatov. Explicitn\u00e9 atrib\u00faty zah\u0155\u0148aj\u00fa atrib\u00faty, ktor\u00e9 s\u00fa priamo identifikovate\u013en\u00e9 ako s\u00fa\u010das\u0165 textu (odkazy na in\u00e9 pr\u00e1vne zdroje, napr. platn\u00e9 pr\u00e1vne predpisy alebo in\u00e9 [&hellip;]<\/p>\n","protected":false},"author":35,"featured_media":193,"parent":8,"menu_order":0,"comment_status":"closed","ping_status":"closed","template":"","meta":{"footnotes":""},"class_list":["post-199","page","type-page","status-publish","has-post-thumbnail","hentry"],"_links":{"self":[{"href":"https:\/\/altaml.upjs.sk\/en\/wp-json\/wp\/v2\/pages\/199","targetHints":{"allow":["GET"]}}],"collection":[{"href":"https:\/\/altaml.upjs.sk\/en\/wp-json\/wp\/v2\/pages"}],"about":[{"href":"https:\/\/altaml.upjs.sk\/en\/wp-json\/wp\/v2\/types\/page"}],"author":[{"embeddable":true,"href":"https:\/\/altaml.upjs.sk\/en\/wp-json\/wp\/v2\/users\/35"}],"replies":[{"embeddable":true,"href":"https:\/\/altaml.upjs.sk\/en\/wp-json\/wp\/v2\/comments?post=199"}],"version-history":[{"count":2,"href":"https:\/\/altaml.upjs.sk\/en\/wp-json\/wp\/v2\/pages\/199\/revisions"}],"predecessor-version":[{"id":259,"href":"https:\/\/altaml.upjs.sk\/en\/wp-json\/wp\/v2\/pages\/199\/revisions\/259"}],"up":[{"embeddable":true,"href":"https:\/\/altaml.upjs.sk\/en\/wp-json\/wp\/v2\/pages\/8"}],"wp:featuredmedia":[{"embeddable":true,"href":"https:\/\/altaml.upjs.sk\/en\/wp-json\/wp\/v2\/media\/193"}],"wp:attachment":[{"href":"https:\/\/altaml.upjs.sk\/en\/wp-json\/wp\/v2\/media?parent=199"}],"curies":[{"name":"wp","href":"https:\/\/api.w.org\/{rel}","templated":true}]}}