{"id":197,"date":"2025-02-28T09:10:28","date_gmt":"2025-02-28T08:10:28","guid":{"rendered":"https:\/\/altaml.upjs.sk\/?page_id=197"},"modified":"2025-02-28T12:49:55","modified_gmt":"2025-02-28T11:49:55","slug":"spracovanie","status":"publish","type":"page","link":"https:\/\/altaml.upjs.sk\/en\/o-projekte\/spracovanie\/","title":{"rendered":"Identification of a suitable method for processing legal text in selected case studies"},"content":{"rendered":"<p>Komplexnou \u00falohou je vytvori\u0165 re\u0165azec met\u00f3d a n\u00e1strojov, ktor\u00e9 umo\u017enia dosiahnu\u0165 \u010do najvy\u0161\u0161iu \u00farove\u0148 automatiz\u00e1cie anal\u00fdzy pr\u00e1vneho textu, a to od z\u00edskania p\u00f4vodn\u00fdch zdrojov, extrakcie \u010do najv\u00e4\u010d\u0161ieho po\u010dtu relevantn\u00fdch \u0161trukt\u00farovan\u00fdch \u00fadajov, filtr\u00e1cie relevantn\u00fdch zdrojov a\u017e po n\u00e1vrh met\u00f3d d\u00e1tovej a pr\u00e1vnej anal\u00fdzy z\u00edskan\u00e9ho s\u00faboru \u00fadajov. Vytvoren\u00edm tohto re\u0165azca met\u00f3d sa vytvor\u00ed metodika anal\u00fdzy pr\u00e1vneho textu, ktor\u00e1 poskytne efekt\u00edvny sp\u00f4sob pr\u00e1ce aj s ve\u013ek\u00fdm mno\u017estvom pr\u00e1vnych zdrojov.<\/p>","protected":false},"excerpt":{"rendered":"<p>Komplexnou \u00falohou je vytvori\u0165 re\u0165azec met\u00f3d a n\u00e1strojov, ktor\u00e9 umo\u017enia dosiahnu\u0165 \u010do najvy\u0161\u0161iu \u00farove\u0148 automatiz\u00e1cie anal\u00fdzy pr\u00e1vneho textu, a to od z\u00edskania p\u00f4vodn\u00fdch zdrojov, extrakcie \u010do najv\u00e4\u010d\u0161ieho po\u010dtu relevantn\u00fdch \u0161trukt\u00farovan\u00fdch \u00fadajov, filtr\u00e1cie relevantn\u00fdch zdrojov a\u017e po n\u00e1vrh met\u00f3d d\u00e1tovej a pr\u00e1vnej anal\u00fdzy z\u00edskan\u00e9ho s\u00faboru \u00fadajov. Vytvoren\u00edm tohto re\u0165azca met\u00f3d sa vytvor\u00ed metodika anal\u00fdzy pr\u00e1vneho textu, [&hellip;]<\/p>\n","protected":false},"author":35,"featured_media":208,"parent":8,"menu_order":0,"comment_status":"closed","ping_status":"closed","template":"","meta":{"footnotes":""},"class_list":["post-197","page","type-page","status-publish","has-post-thumbnail","hentry"],"_links":{"self":[{"href":"https:\/\/altaml.upjs.sk\/en\/wp-json\/wp\/v2\/pages\/197","targetHints":{"allow":["GET"]}}],"collection":[{"href":"https:\/\/altaml.upjs.sk\/en\/wp-json\/wp\/v2\/pages"}],"about":[{"href":"https:\/\/altaml.upjs.sk\/en\/wp-json\/wp\/v2\/types\/page"}],"author":[{"embeddable":true,"href":"https:\/\/altaml.upjs.sk\/en\/wp-json\/wp\/v2\/users\/35"}],"replies":[{"embeddable":true,"href":"https:\/\/altaml.upjs.sk\/en\/wp-json\/wp\/v2\/comments?post=197"}],"version-history":[{"count":2,"href":"https:\/\/altaml.upjs.sk\/en\/wp-json\/wp\/v2\/pages\/197\/revisions"}],"predecessor-version":[{"id":258,"href":"https:\/\/altaml.upjs.sk\/en\/wp-json\/wp\/v2\/pages\/197\/revisions\/258"}],"up":[{"embeddable":true,"href":"https:\/\/altaml.upjs.sk\/en\/wp-json\/wp\/v2\/pages\/8"}],"wp:featuredmedia":[{"embeddable":true,"href":"https:\/\/altaml.upjs.sk\/en\/wp-json\/wp\/v2\/media\/208"}],"wp:attachment":[{"href":"https:\/\/altaml.upjs.sk\/en\/wp-json\/wp\/v2\/media?parent=197"}],"curies":[{"name":"wp","href":"https:\/\/api.w.org\/{rel}","templated":true}]}}