{"id":12,"date":"2025-02-25T08:51:03","date_gmt":"2025-02-25T07:51:03","guid":{"rendered":"https:\/\/altaml.upjs.sk\/?page_id=12"},"modified":"2025-03-05T10:36:21","modified_gmt":"2025-03-05T09:36:21","slug":"nas-tim","status":"publish","type":"page","link":"https:\/\/altaml.upjs.sk\/en\/nas-tim\/","title":{"rendered":"Team"},"content":{"rendered":"<div class=\"wp-block-cover alignfull is-light has-contrast-color has-text-color has-link-color wp-elements-75824cbd8d9be5c82d09b575c640a867\" style=\"margin-top:0;margin-bottom:0;padding-top:var(--wp--preset--spacing--60);padding-right:var(--wp--preset--spacing--50);padding-bottom:var(--wp--preset--spacing--60);padding-left:var(--wp--preset--spacing--50)\"><span aria-hidden=\"true\" class=\"wp-block-cover__background has-base-background-color has-background-dim-100 has-background-dim\"><\/span><div class=\"wp-block-cover__inner-container has-global-padding is-layout-constrained wp-container-core-cover-is-layout-873ee6b1 wp-block-cover-is-layout-constrained\">\n<h2 class=\"wp-block-heading has-text-align-center\" style=\"padding-top:var(--wp--preset--spacing--40);padding-bottom:var(--wp--preset--spacing--40)\">Team<\/h2>\n\n\n\n<div class=\"wp-block-group has-custom-white-background-color has-background is-vertical is-content-justification-center is-layout-flex wp-container-core-group-is-layout-3a169751 wp-block-group-is-layout-flex\" style=\"padding-top:var(--wp--preset--spacing--30);padding-right:0;padding-bottom:var(--wp--preset--spacing--30);padding-left:0\">\n<figure class=\"wp-block-image size-full is-resized\"><img loading=\"lazy\" decoding=\"async\" width=\"718\" height=\"718\" src=\"https:\/\/altaml.upjs.sk\/wp-content\/uploads\/sites\/29\/2025\/02\/logoupjscb-1.jpg\" alt=\"\" class=\"wp-image-173\" style=\"width:290px;height:auto\" srcset=\"https:\/\/altaml.upjs.sk\/wp-content\/uploads\/sites\/29\/2025\/02\/logoupjscb-1.jpg 718w, https:\/\/altaml.upjs.sk\/wp-content\/uploads\/sites\/29\/2025\/02\/logoupjscb-1-300x300.jpg 300w, https:\/\/altaml.upjs.sk\/wp-content\/uploads\/sites\/29\/2025\/02\/logoupjscb-1-150x150.jpg 150w\" sizes=\"auto, (max-width: 718px) 100vw, 718px\" \/><\/figure>\n\n\n\n<h2 class=\"wp-block-heading has-text-align-center has-border-color has-custom-white-border-color has-custom-black-color has-text-color has-link-color has-x-large-font-size wp-elements-b679b102236f88ec35218ebede54fdf1\" style=\"border-width:22px\">Pavol Jozef \u0160af\u00e1rik University in Ko\u0161ice<\/h2>\n\n\n\n<div class=\"wp-block-buttons has-custom-font-size has-custom-white-background-color has-background has-medium-font-size is-content-justification-center is-layout-flex wp-container-core-buttons-is-layout-b02886af wp-block-buttons-is-layout-flex\">\n<div class=\"wp-block-button\"><a class=\"wp-block-button__link wp-element-button\" href=\"https:\/\/altaml.upjs.sk\/en\/nas-tim\/upjs\/\">About the institution<\/a><\/div>\n\n\n\n<div class=\"wp-block-button\"><a class=\"wp-block-button__link wp-element-button\" href=\"https:\/\/altaml.upjs.sk\/en\/nas-tim\/upjs\/riesitelia\/\">Team<\/a><\/div>\n<\/div>\n<\/div>\n\n\n\n<div class=\"wp-block-columns alignwide is-layout-flex wp-container-core-columns-is-layout-7ee84d44 wp-block-columns-is-layout-flex\">\n<div class=\"wp-block-column is-layout-flow wp-block-column-is-layout-flow\" style=\"flex-basis:50%\">\n<div class=\"wp-block-group has-custom-white-background-color has-background is-vertical is-content-justification-center is-nowrap is-layout-flex wp-container-core-group-is-layout-c5402aef wp-block-group-is-layout-flex\" style=\"padding-top:var(--wp--preset--spacing--30);padding-right:0;padding-bottom:var(--wp--preset--spacing--30);padding-left:0\">\n<figure class=\"wp-block-image size-full is-resized\"><img loading=\"lazy\" decoding=\"async\" width=\"1801\" height=\"675\" src=\"https:\/\/altaml.upjs.sk\/wp-content\/uploads\/sites\/29\/2025\/02\/UK_Logo_s_textom_BP_horizontal_cropped.png\" alt=\"\" class=\"wp-image-171\" style=\"width:250px\" srcset=\"https:\/\/altaml.upjs.sk\/wp-content\/uploads\/sites\/29\/2025\/02\/UK_Logo_s_textom_BP_horizontal_cropped.png 1801w, https:\/\/altaml.upjs.sk\/wp-content\/uploads\/sites\/29\/2025\/02\/UK_Logo_s_textom_BP_horizontal_cropped-300x112.png 300w, https:\/\/altaml.upjs.sk\/wp-content\/uploads\/sites\/29\/2025\/02\/UK_Logo_s_textom_BP_horizontal_cropped-1024x384.png 1024w, https:\/\/altaml.upjs.sk\/wp-content\/uploads\/sites\/29\/2025\/02\/UK_Logo_s_textom_BP_horizontal_cropped-768x288.png 768w, https:\/\/altaml.upjs.sk\/wp-content\/uploads\/sites\/29\/2025\/02\/UK_Logo_s_textom_BP_horizontal_cropped-1536x576.png 1536w\" sizes=\"auto, (max-width: 1801px) 100vw, 1801px\" \/><\/figure>\n\n\n\n<h2 class=\"wp-block-heading has-text-align-center has-border-color has-custom-white-border-color has-custom-black-color has-text-color has-link-color has-x-large-font-size wp-elements-4b747f4db6e9c6528e8e8e3f315e0611\" style=\"border-width:22px\">Comenius University in Bratislava<\/h2>\n\n\n\n<div class=\"wp-block-buttons has-custom-font-size has-custom-white-background-color has-background has-medium-font-size is-content-justification-center is-layout-flex wp-container-core-buttons-is-layout-b02886af wp-block-buttons-is-layout-flex\">\n<div class=\"wp-block-button\"><a class=\"wp-block-button__link wp-element-button\" href=\"https:\/\/altaml.upjs.sk\/en\/nas-tim\/uk\/\">About the institution<\/a><\/div>\n\n\n\n<div class=\"wp-block-button\"><a class=\"wp-block-button__link wp-element-button\" href=\"https:\/\/altaml.upjs.sk\/en\/nas-tim\/uk\/riesitelia\/\">Team<\/a><\/div>\n<\/div>\n<\/div>\n<\/div>\n\n\n\n<div class=\"wp-block-column is-vertically-aligned-bottom is-layout-flow wp-block-column-is-layout-flow\" style=\"flex-basis:50%\">\n<div class=\"wp-block-group has-custom-white-background-color has-background is-vertical is-content-justification-center is-layout-flex wp-container-core-group-is-layout-3a169751 wp-block-group-is-layout-flex\" style=\"padding-top:var(--wp--preset--spacing--30);padding-right:0;padding-bottom:var(--wp--preset--spacing--30);padding-left:0\">\n<figure class=\"wp-block-image size-full is-resized\"><img loading=\"lazy\" decoding=\"async\" width=\"796\" height=\"132\" src=\"https:\/\/altaml.upjs.sk\/wp-content\/uploads\/sites\/29\/2025\/02\/wolters_cropped.png\" alt=\"\" class=\"wp-image-172\" style=\"width:250px\" srcset=\"https:\/\/altaml.upjs.sk\/wp-content\/uploads\/sites\/29\/2025\/02\/wolters_cropped.png 796w, https:\/\/altaml.upjs.sk\/wp-content\/uploads\/sites\/29\/2025\/02\/wolters_cropped-300x50.png 300w, https:\/\/altaml.upjs.sk\/wp-content\/uploads\/sites\/29\/2025\/02\/wolters_cropped-768x127.png 768w\" sizes=\"auto, (max-width: 796px) 100vw, 796px\" \/><\/figure>\n\n\n\n<h2 class=\"wp-block-heading has-border-color has-custom-white-border-color has-custom-black-color has-text-color has-link-color has-x-large-font-size wp-elements-a729e6ded7c53c1d6cfcdaff2b9d9101\" style=\"border-width:22px\">Wolters Kluwer SR s.r.o.<\/h2>\n\n\n\n<div class=\"wp-block-buttons has-custom-font-size has-custom-white-background-color has-background has-medium-font-size is-content-justification-center is-layout-flex wp-container-core-buttons-is-layout-b02886af wp-block-buttons-is-layout-flex\">\n<div class=\"wp-block-button\"><a class=\"wp-block-button__link wp-element-button\" href=\"https:\/\/altaml.upjs.sk\/en\/nas-tim\/wolters-kluver\/\">About the institution<\/a><\/div>\n\n\n\n<div class=\"wp-block-button\"><a class=\"wp-block-button__link wp-element-button\" href=\"https:\/\/altaml.upjs.sk\/en\/nas-tim\/wolters-kluver\/riesitelia\/\">Team<\/a><\/div>\n<\/div>\n<\/div>\n<\/div>\n<\/div>\n<\/div><\/div>","protected":false},"excerpt":{"rendered":"","protected":false},"author":35,"featured_media":0,"parent":0,"menu_order":0,"comment_status":"closed","ping_status":"closed","template":"page-no-title","meta":{"footnotes":""},"class_list":["post-12","page","type-page","status-publish","hentry"],"_links":{"self":[{"href":"https:\/\/altaml.upjs.sk\/en\/wp-json\/wp\/v2\/pages\/12","targetHints":{"allow":["GET"]}}],"collection":[{"href":"https:\/\/altaml.upjs.sk\/en\/wp-json\/wp\/v2\/pages"}],"about":[{"href":"https:\/\/altaml.upjs.sk\/en\/wp-json\/wp\/v2\/types\/page"}],"author":[{"embeddable":true,"href":"https:\/\/altaml.upjs.sk\/en\/wp-json\/wp\/v2\/users\/35"}],"replies":[{"embeddable":true,"href":"https:\/\/altaml.upjs.sk\/en\/wp-json\/wp\/v2\/comments?post=12"}],"version-history":[{"count":24,"href":"https:\/\/altaml.upjs.sk\/en\/wp-json\/wp\/v2\/pages\/12\/revisions"}],"predecessor-version":[{"id":355,"href":"https:\/\/altaml.upjs.sk\/en\/wp-json\/wp\/v2\/pages\/12\/revisions\/355"}],"wp:attachment":[{"href":"https:\/\/altaml.upjs.sk\/en\/wp-json\/wp\/v2\/media?parent=12"}],"curies":[{"name":"wp","href":"https:\/\/api.w.org\/{rel}","templated":true}]}}